{"id":10863,"date":"2022-06-02T14:16:10","date_gmt":"2022-06-02T12:16:10","guid":{"rendered":"https:\/\/www.hempethica.com\/?post_type=product&#038;p=10863"},"modified":"2026-03-23T12:15:32","modified_gmt":"2026-03-23T11:15:32","slug":"majica-hempethica","status":"publish","type":"product","link":"https:\/\/www.hempethica.com\/si\/trgovina\/majica-hempethica\/","title":{"rendered":"Majica Hempethica"},"content":{"rendered":"\n<h2 class=\"wp-block-heading\">Majica Hempethica<\/h2>\n\n\n\n<p>Bi tudi vi \u017eeleli postati vsaj delno tudi na\u0161i promotorji? Naro\u010dite na\u0161e majice, ne bo vam \u017eal!<\/p>\n\n\n\n<p>Vas zanima, zakaj so nastali izdelki Hempethica?<\/p>\n\n\n\n<p>Hempethica ni le ideja. Hempethica je vizija, kako naravne izdelke pribli\u017eati posamezniku in ga odmakniti od pogosto nepotrebnih kemikalij, ki nas dnevno obdajajo. Hempethica deluje z naravo in sklepa poseben odnos med naravo in \u010dlovekom.<\/p>\n\n\n\n<p>Izdelki Hempethica so razviti z lastnim znanjem, ki ga nadgrajujemo znotraj dru\u017ebe&nbsp;<a href=\"https:\/\/www.widlab.si\/\" target=\"_blank\" rel=\"noreferrer noopener\">Widlab<\/a>. Prav tako, za namene lastnih raziskav in razvoja, delno sami pridelujemo in predelujemo konopljo. Vse z namenom, da bi imeli \u010dim manj\u0161i oglji\u010dni odtis ter da bi v svoje delovne procese vklju\u010dili lokalno prebivalstvo.<\/p>\n\n\n\n<p>Hempethica zato dela z naravo in z ljudmi, za naravo in za ljudi.<\/p>\n\n\n\n<p>Ve\u010d lahko preberete <a href=\"https:\/\/www.hempethica.com\/si\/vec-kot-le-ideja-hempethica\/\">tukaj<\/a>.<\/p>\n","protected":false},"excerpt":{"rendered":"<p>Majica Hempethica, razli\u010dne velikosti. Najmanj\u0161a velikost XS, najve\u010dja velikost XXXL.<\/p>\n","protected":false},"featured_media":10871,"comment_status":"open","ping_status":"closed","template":"","meta":[],"product_brand":[],"product_cat":[15,114],"product_tag":[],"class_list":{"0":"post-10863","1":"product","2":"type-product","3":"status-publish","4":"has-post-thumbnail","6":"product_cat-vsi-produkti","7":"product_cat-ostali-izdelki","9":"first","10":"instock","11":"shipping-taxable","12":"purchasable","13":"product-type-variable"},"jetpack-related-posts":[{"id":7979,"url":"https:\/\/www.hempethica.com\/si\/trgovina\/svetovanje-osnovni-svetovalni-paket\/","url_meta":{"origin":10863,"position":0},"title":"Osnovni svetovalni paket","author":"ekipa Hempethica","date":"31\/08\/2021","format":false,"excerpt":"Svetovanje na podro\u010dju uporabe konoplje in konopljinih izdelkov.\u00a0Osnovni svetovalni paket je namenjen predvsem tistim osebam, ki se s konopljinimi izdelki sre\u010dujejo prvi\u010d in bi si \u017eeleli ve\u010dji vpogled in pomo\u010d na tem podro\u010dju. V kolikor vas zanima ve\u010d o svetovalnih paketih, si lahko preberete tukaj.","rel":"","context":"Similar post","block_context":{"text":"Similar post","link":""},"img":{"alt_text":"Svetovanje glede uporabe kanabinoidov","src":"https:\/\/i0.wp.com\/www.hempethica.com\/wp-content\/uploads\/2021\/08\/CBD-Svetovanje-Consulting-Hempethica.jpg?fit=600%2C600&ssl=1&resize=350%2C200","width":350,"height":200,"srcset":"https:\/\/i0.wp.com\/www.hempethica.com\/wp-content\/uploads\/2021\/08\/CBD-Svetovanje-Consulting-Hempethica.jpg?fit=600%2C600&ssl=1&resize=350%2C200 1x, https:\/\/i0.wp.com\/www.hempethica.com\/wp-content\/uploads\/2021\/08\/CBD-Svetovanje-Consulting-Hempethica.jpg?fit=600%2C600&ssl=1&resize=525%2C300 1.5x"},"classes":[]},{"id":11270,"url":"https:\/\/www.hempethica.com\/si\/trgovina\/oil-mighty-olje-za-brado\/","url_meta":{"origin":10863,"position":1},"title":"OIL MIGHTY &#8211; Olje za brado","author":"ekipa Hempethica","date":"28\/09\/2023","format":false,"excerpt":"Z vonjem pomaran\u010de, timijana in poprove mete. Prijetno omeh\u010da in navla\u017ei brado in brke. Vse sestavine olja za brado so naravne in ekolo\u0161kega izvora, zato je olje ko\u017ei, bradi in brkom prijazno. Olaj\u0161a raz\u010desavanje brade. Ro\u010dno izdelano in polnjeno v Sloveniji.","rel":"","context":"Similar post","block_context":{"text":"Similar post","link":""},"img":{"alt_text":"Oil Mighty olje za brado. Brado, brke in ko\u017eo prijetno navla\u017ei in odi\u0161avi. Ko\u017ei prijazna naravna kozmetika Hempethica.","src":"https:\/\/i0.wp.com\/www.hempethica.com\/wp-content\/uploads\/2023\/11\/Olje-za-brado-Oil-Mighty-30-mL-SLO-BELA.webp?fit=1200%2C1200&ssl=1&resize=350%2C200","width":350,"height":200,"srcset":"https:\/\/i0.wp.com\/www.hempethica.com\/wp-content\/uploads\/2023\/11\/Olje-za-brado-Oil-Mighty-30-mL-SLO-BELA.webp?fit=1200%2C1200&ssl=1&resize=350%2C200 1x, https:\/\/i0.wp.com\/www.hempethica.com\/wp-content\/uploads\/2023\/11\/Olje-za-brado-Oil-Mighty-30-mL-SLO-BELA.webp?fit=1200%2C1200&ssl=1&resize=525%2C300 1.5x, https:\/\/i0.wp.com\/www.hempethica.com\/wp-content\/uploads\/2023\/11\/Olje-za-brado-Oil-Mighty-30-mL-SLO-BELA.webp?fit=1200%2C1200&ssl=1&resize=700%2C400 2x, https:\/\/i0.wp.com\/www.hempethica.com\/wp-content\/uploads\/2023\/11\/Olje-za-brado-Oil-Mighty-30-mL-SLO-BELA.webp?fit=1200%2C1200&ssl=1&resize=1050%2C600 3x"},"classes":[]},{"id":7980,"url":"https:\/\/www.hempethica.com\/si\/trgovina\/svetovanje-napredni-svetovalni-paket\/","url_meta":{"origin":10863,"position":2},"title":"Napredni svetovalni paket","author":"ekipa Hempethica","date":"31\/08\/2021","format":false,"excerpt":"V kolikor bi potrebovali pomo\u010d pri izbiri pravih izdelkov na podro\u010dju konoplje, kanabinoidov in terpenov, vam predlagamo izbiro\u00a0Naprednega svetovalnega paketa. Za vas poi\u0161\u010demo strokovno literaturo, kjer so podrobno raziskovali omenjena stanja. V kolikor vas zanima ve\u010d o svetovalnih paketih, si lahko preberete tukaj.","rel":"","context":"Similar post","block_context":{"text":"Similar post","link":""},"img":{"alt_text":"Svetovanje na podro\u010dju uporabe kanabinoidov","src":"https:\/\/i0.wp.com\/www.hempethica.com\/wp-content\/uploads\/2022\/01\/CBD-svetovanje-osnovno-Hempethica.jpg?fit=600%2C600&ssl=1&resize=350%2C200","width":350,"height":200,"srcset":"https:\/\/i0.wp.com\/www.hempethica.com\/wp-content\/uploads\/2022\/01\/CBD-svetovanje-osnovno-Hempethica.jpg?fit=600%2C600&ssl=1&resize=350%2C200 1x, https:\/\/i0.wp.com\/www.hempethica.com\/wp-content\/uploads\/2022\/01\/CBD-svetovanje-osnovno-Hempethica.jpg?fit=600%2C600&ssl=1&resize=525%2C300 1.5x"},"classes":[]},{"id":11274,"url":"https:\/\/www.hempethica.com\/si\/trgovina\/pomlajevalni-serum-za-obraz\/","url_meta":{"origin":10863,"position":3},"title":"Serum za obraz, Anti-age","author":"ekipa Hempethica","date":"28\/09\/2023","format":false,"excerpt":"Naravni, pomlajevalni serum vsebuje dva tipa hialuronske kisline, nizko- in visoko-molekurarno. Serum zdru\u017euje mo\u010d narave in znanosti, s \u010dimer pripomore k mladostnemu in sijo\u010demu videzu ko\u017ee. Na ko\u017ei ustvarja ravnovesje in harmonijo. Ker vsebuje naravne in ko\u017ei prijazne sestavine, ga uvr\u0161\u010damo med naravno kozmetiko. Pomlajevalni serum vsebuje dva tipa hialuronske\u2026","rel":"","context":"Similar post","block_context":{"text":"Similar post","link":""},"img":{"alt_text":"Naravni, pomlajevalni serum za obraz s hialuronsko kislino. Ko\u017ei prijazna naravna kozmetika. Hempethica naravna kozmetika","src":"https:\/\/i0.wp.com\/www.hempethica.com\/wp-content\/uploads\/2023\/11\/Serum-za-obraz-30-mL-SLO-BELA.webp?fit=1200%2C1200&ssl=1&resize=350%2C200","width":350,"height":200,"srcset":"https:\/\/i0.wp.com\/www.hempethica.com\/wp-content\/uploads\/2023\/11\/Serum-za-obraz-30-mL-SLO-BELA.webp?fit=1200%2C1200&ssl=1&resize=350%2C200 1x, https:\/\/i0.wp.com\/www.hempethica.com\/wp-content\/uploads\/2023\/11\/Serum-za-obraz-30-mL-SLO-BELA.webp?fit=1200%2C1200&ssl=1&resize=525%2C300 1.5x, https:\/\/i0.wp.com\/www.hempethica.com\/wp-content\/uploads\/2023\/11\/Serum-za-obraz-30-mL-SLO-BELA.webp?fit=1200%2C1200&ssl=1&resize=700%2C400 2x, https:\/\/i0.wp.com\/www.hempethica.com\/wp-content\/uploads\/2023\/11\/Serum-za-obraz-30-mL-SLO-BELA.webp?fit=1200%2C1200&ssl=1&resize=1050%2C600 3x"},"classes":[]},{"id":7138,"url":"https:\/\/www.hempethica.com\/si\/trgovina\/opti-pain-kapljice-za-lajsanje-bolecin\/","url_meta":{"origin":10863,"position":4},"title":"OPTI PAIN &#8211; Konopljine kapljice za laj\u0161anje ob\u010dutka bole\u010dine","author":"ekipa Hempethica","date":"21\/04\/2021","format":false,"excerpt":"Kapljice so naravni prehranski dodatek, ki temelji na izvle\u010dkih konoplje. Konoplja je rastlina, ki je \u017ee stoletja znana po svojih \u0161tevilnih koristih za \u010dlove\u0161ko telo. Kanabinoidi in terpeni, ki jih kapljice vsebuejejo, poskrbijo za usmerjeno delovanje, s \u010dimer z u\u017eivanjem kapljic poskrbimo za laj\u0161anje ob\u010dutka bole\u010dine. V zadnjem \u010dasu se\u2026","rel":"","context":"Similar post","block_context":{"text":"Similar post","link":""},"img":{"alt_text":"Opti pain - Konopljine CBD kapljice za laj\u0161anje bole\u010din","src":"https:\/\/i0.wp.com\/www.hempethica.com\/wp-content\/uploads\/2023\/11\/OPTI-PAIN-embalaza-in-steklenicka-BELA.webp?fit=1200%2C1200&ssl=1&resize=350%2C200","width":350,"height":200,"srcset":"https:\/\/i0.wp.com\/www.hempethica.com\/wp-content\/uploads\/2023\/11\/OPTI-PAIN-embalaza-in-steklenicka-BELA.webp?fit=1200%2C1200&ssl=1&resize=350%2C200 1x, https:\/\/i0.wp.com\/www.hempethica.com\/wp-content\/uploads\/2023\/11\/OPTI-PAIN-embalaza-in-steklenicka-BELA.webp?fit=1200%2C1200&ssl=1&resize=525%2C300 1.5x, https:\/\/i0.wp.com\/www.hempethica.com\/wp-content\/uploads\/2023\/11\/OPTI-PAIN-embalaza-in-steklenicka-BELA.webp?fit=1200%2C1200&ssl=1&resize=700%2C400 2x, https:\/\/i0.wp.com\/www.hempethica.com\/wp-content\/uploads\/2023\/11\/OPTI-PAIN-embalaza-in-steklenicka-BELA.webp?fit=1200%2C1200&ssl=1&resize=1050%2C600 3x"},"classes":[]},{"id":7988,"url":"https:\/\/www.hempethica.com\/si\/trgovina\/periodicno-svetovanje\/","url_meta":{"origin":10863,"position":5},"title":"Periodi\u010dno svetovanje","author":"ekipa Hempethica","date":"31\/08\/2021","format":false,"excerpt":"Svetovanje na podro\u010dju uporabe konoplje in konopljinih izdelkov. V kolikor vas zanima ve\u010d o svetovalnih paketih, si lahko preberete tukaj. \u00a0","rel":"","context":"Similar post","block_context":{"text":"Similar post","link":""},"img":{"alt_text":"Svetovanje na podro\u010dju uporabe konoplje in kanabinoidov","src":"https:\/\/i0.wp.com\/www.hempethica.com\/wp-content\/uploads\/2022\/01\/CBD-svetovanje-Hempethica.jpg?fit=600%2C600&ssl=1&resize=350%2C200","width":350,"height":200,"srcset":"https:\/\/i0.wp.com\/www.hempethica.com\/wp-content\/uploads\/2022\/01\/CBD-svetovanje-Hempethica.jpg?fit=600%2C600&ssl=1&resize=350%2C200 1x, https:\/\/i0.wp.com\/www.hempethica.com\/wp-content\/uploads\/2022\/01\/CBD-svetovanje-Hempethica.jpg?fit=600%2C600&ssl=1&resize=525%2C300 1.5x"},"classes":[]}],"jetpack_sharing_enabled":true,"_links":{"self":[{"href":"https:\/\/www.hempethica.com\/si\/wp-json\/wp\/v2\/product\/10863","targetHints":{"allow":["GET"]}}],"collection":[{"href":"https:\/\/www.hempethica.com\/si\/wp-json\/wp\/v2\/product"}],"about":[{"href":"https:\/\/www.hempethica.com\/si\/wp-json\/wp\/v2\/types\/product"}],"replies":[{"embeddable":true,"href":"https:\/\/www.hempethica.com\/si\/wp-json\/wp\/v2\/comments?post=10863"}],"version-history":[{"count":0,"href":"https:\/\/www.hempethica.com\/si\/wp-json\/wp\/v2\/product\/10863\/revisions"}],"wp:featuredmedia":[{"embeddable":true,"href":"https:\/\/www.hempethica.com\/si\/wp-json\/wp\/v2\/media\/10871"}],"wp:attachment":[{"href":"https:\/\/www.hempethica.com\/si\/wp-json\/wp\/v2\/media?parent=10863"}],"wp:term":[{"taxonomy":"product_brand","embeddable":true,"href":"https:\/\/www.hempethica.com\/si\/wp-json\/wp\/v2\/product_brand?post=10863"},{"taxonomy":"product_cat","embeddable":true,"href":"https:\/\/www.hempethica.com\/si\/wp-json\/wp\/v2\/product_cat?post=10863"},{"taxonomy":"product_tag","embeddable":true,"href":"https:\/\/www.hempethica.com\/si\/wp-json\/wp\/v2\/product_tag?post=10863"}],"curies":[{"name":"wp","href":"https:\/\/api.w.org\/{rel}","templated":true}]}}