{"id":8,"date":"2021-03-28T22:16:15","date_gmt":"2021-03-28T20:16:15","guid":{"rendered":"https:\/\/www.hempethica.com\/cart\/"},"modified":"2022-01-21T12:50:21","modified_gmt":"2022-01-21T11:50:21","slug":"cart","status":"publish","type":"page","link":"https:\/\/www.hempethica.com\/si\/cart\/","title":{"rendered":"Moja ko\u0161arica"},"content":{"rendered":"\n","protected":false},"excerpt":{"rendered":"","protected":false},"author":1,"featured_media":0,"parent":0,"menu_order":0,"comment_status":"closed","ping_status":"closed","template":"","meta":{"footnotes":""},"class_list":["post-8","page","type-page","status-publish","hentry"],"jetpack-related-posts":[{"id":9,"url":"https:\/\/www.hempethica.com\/si\/kosarica-hempethica\/","url_meta":{"origin":8,"position":0},"title":"Ko\u0161arica","author":"ekipa Hempethica","date":"28\/03\/2021","format":false,"excerpt":"","rel":"","context":"Similar post","block_context":{"text":"Similar post","link":""},"img":{"alt_text":"","src":"https:\/\/i0.wp.com\/www.hempethica.com\/wp-content\/uploads\/2021\/10\/Hempethica-logo-WidLab.jpg?fit=225%2C225&ssl=1&resize=350%2C200","width":350,"height":200},"classes":[]},{"id":6742,"url":"https:\/\/www.hempethica.com\/si\/postanite-nas-partner\/","url_meta":{"origin":8,"position":1},"title":"Postanite partner","author":"ekipa Hempethica","date":"03\/04\/2021","format":false,"excerpt":"Postanite na\u0161 partner Vedno i\u0161\u010demo nove partnerje, tako trgovce in zastopnike kot tudi druge, ki jih zanima prodaja na\u0161ih izdelkov in \u0161irjenje na\u0161e filozofije.\u010ce vidite prilo\u017enost za sodelovanje z nami, nas kontaktirajte! Kontaktirajte nas Izpolnite spodnji obrazec ali nam po\u0161ljite e-po\u0161to na naslov: partners@hempethica.com. \u200b Na\u0161i partnerji Veseli nas, da\u2026","rel":"","context":"Similar post","block_context":{"text":"Similar post","link":""},"img":{"alt_text":"Hempethica, Drops of Nature, Widlab, pomo\u010d uporabnikom, samozdravljenje,","src":"https:\/\/i0.wp.com\/www.hempethica.com\/wp-content\/uploads\/2021\/10\/Hempethica-logo-WidLab.jpg?resize=350%2C200&ssl=1","width":350,"height":200},"classes":[]}],"jetpack_sharing_enabled":true,"_links":{"self":[{"href":"https:\/\/www.hempethica.com\/si\/wp-json\/wp\/v2\/pages\/8","targetHints":{"allow":["GET"]}}],"collection":[{"href":"https:\/\/www.hempethica.com\/si\/wp-json\/wp\/v2\/pages"}],"about":[{"href":"https:\/\/www.hempethica.com\/si\/wp-json\/wp\/v2\/types\/page"}],"author":[{"embeddable":true,"href":"https:\/\/www.hempethica.com\/si\/wp-json\/wp\/v2\/users\/1"}],"replies":[{"embeddable":true,"href":"https:\/\/www.hempethica.com\/si\/wp-json\/wp\/v2\/comments?post=8"}],"version-history":[{"count":4,"href":"https:\/\/www.hempethica.com\/si\/wp-json\/wp\/v2\/pages\/8\/revisions"}],"predecessor-version":[{"id":9542,"href":"https:\/\/www.hempethica.com\/si\/wp-json\/wp\/v2\/pages\/8\/revisions\/9542"}],"wp:attachment":[{"href":"https:\/\/www.hempethica.com\/si\/wp-json\/wp\/v2\/media?parent=8"}],"curies":[{"name":"wp","href":"https:\/\/api.w.org\/{rel}","templated":true}]}}