{"id":12218,"date":"2023-11-21T12:15:49","date_gmt":"2023-11-21T11:15:49","guid":{"rendered":"https:\/\/www.hempethica.com\/?page_id=12218"},"modified":"2023-11-21T15:02:26","modified_gmt":"2023-11-21T14:02:26","slug":"testna-stran","status":"publish","type":"page","link":"https:\/\/www.hempethica.com\/si\/testna-stran\/","title":{"rendered":"Testna stran"},"content":{"rendered":"\t\t<div data-elementor-type=\"wp-page\" data-elementor-id=\"12218\" class=\"elementor elementor-12218\">\n\t\t\t\t<div class=\"elementor-element elementor-element-b04d93e e-con-full e-flex e-con e-parent\" data-id=\"b04d93e\" data-element_type=\"container\" data-settings=\"{&quot;jet_parallax_layout_list&quot;:[{&quot;_id&quot;:&quot;56f6e33&quot;,&quot;jet_parallax_layout_image&quot;:{&quot;url&quot;:&quot;https:\\\/\\\/www.hempethica.com\\\/wp-content\\\/uploads\\\/2023\\\/11\\\/Hempethica-kozmetica-1200\\u00d7600.webp&quot;,&quot;id&quot;:12225,&quot;size&quot;:&quot;&quot;,&quot;alt&quot;:&quot;&quot;,&quot;source&quot;:&quot;library&quot;},&quot;jet_parallax_layout_speed&quot;:{&quot;unit&quot;:&quot;%&quot;,&quot;size&quot;:20,&quot;sizes&quot;:[]},&quot;jet_parallax_layout_type&quot;:&quot;mouse&quot;,&quot;jet_parallax_layout_bg_size&quot;:&quot;contain&quot;,&quot;jet_parallax_layout_animation_prop&quot;:&quot;transform3d&quot;,&quot;jet_parallax_layout_image_tablet&quot;:{&quot;url&quot;:&quot;&quot;,&quot;id&quot;:&quot;&quot;,&quot;size&quot;:&quot;&quot;},&quot;jet_parallax_layout_image_mobile&quot;:{&quot;url&quot;:&quot;&quot;,&quot;id&quot;:&quot;&quot;,&quot;size&quot;:&quot;&quot;},&quot;jet_parallax_layout_direction&quot;:null,&quot;jet_parallax_layout_fx_direction&quot;:null,&quot;jet_parallax_layout_z_index&quot;:&quot;&quot;,&quot;jet_parallax_layout_bg_x&quot;:50,&quot;jet_parallax_layout_bg_x_tablet&quot;:&quot;&quot;,&quot;jet_parallax_layout_bg_x_mobile&quot;:&quot;&quot;,&quot;jet_parallax_layout_bg_y&quot;:50,&quot;jet_parallax_layout_bg_y_tablet&quot;:&quot;&quot;,&quot;jet_parallax_layout_bg_y_mobile&quot;:&quot;&quot;,&quot;jet_parallax_layout_bg_size_tablet&quot;:&quot;&quot;,&quot;jet_parallax_layout_bg_size_mobile&quot;:&quot;&quot;,&quot;jet_parallax_layout_on&quot;:[&quot;desktop&quot;,&quot;tablet&quot;]}]}\">\n\t\t\t\t<\/div>\n\t\t<div class=\"elementor-element elementor-element-fd7e6b5 e-flex e-con-boxed e-con e-parent\" data-id=\"fd7e6b5\" data-element_type=\"container\" data-settings=\"{&quot;jet_parallax_layout_list&quot;:[]}\">\n\t\t\t\t\t<div class=\"e-con-inner\">\n\t\t\t\t\t<\/div>\n\t\t\t\t<\/div>\n\t\t<div class=\"elementor-element elementor-element-826fcef e-flex e-con-boxed e-con e-parent\" data-id=\"826fcef\" data-element_type=\"container\" data-settings=\"{&quot;jet_parallax_layout_list&quot;:[{&quot;_id&quot;:&quot;4c4c9d0&quot;,&quot;jet_parallax_layout_image&quot;:{&quot;url&quot;:&quot;https:\\\/\\\/www.hempethica.com\\\/wp-content\\\/uploads\\\/2023\\\/11\\\/Hempethica-kozmetica-1200\\u00d7600.webp&quot;,&quot;id&quot;:12225,&quot;size&quot;:&quot;&quot;,&quot;alt&quot;:&quot;&quot;,&quot;source&quot;:&quot;library&quot;},&quot;jet_parallax_layout_type&quot;:&quot;mouse&quot;,&quot;jet_parallax_layout_bg_size&quot;:&quot;cover&quot;,&quot;jet_parallax_layout_image_tablet&quot;:{&quot;url&quot;:&quot;&quot;,&quot;id&quot;:&quot;&quot;,&quot;size&quot;:&quot;&quot;},&quot;jet_parallax_layout_image_mobile&quot;:{&quot;url&quot;:&quot;&quot;,&quot;id&quot;:&quot;&quot;,&quot;size&quot;:&quot;&quot;},&quot;jet_parallax_layout_speed&quot;:{&quot;unit&quot;:&quot;%&quot;,&quot;size&quot;:50,&quot;sizes&quot;:[]},&quot;jet_parallax_layout_direction&quot;:null,&quot;jet_parallax_layout_fx_direction&quot;:null,&quot;jet_parallax_layout_z_index&quot;:&quot;&quot;,&quot;jet_parallax_layout_bg_x&quot;:50,&quot;jet_parallax_layout_bg_x_tablet&quot;:&quot;&quot;,&quot;jet_parallax_layout_bg_x_mobile&quot;:&quot;&quot;,&quot;jet_parallax_layout_bg_y&quot;:50,&quot;jet_parallax_layout_bg_y_tablet&quot;:&quot;&quot;,&quot;jet_parallax_layout_bg_y_mobile&quot;:&quot;&quot;,&quot;jet_parallax_layout_bg_size_tablet&quot;:&quot;&quot;,&quot;jet_parallax_layout_bg_size_mobile&quot;:&quot;&quot;,&quot;jet_parallax_layout_animation_prop&quot;:&quot;transform&quot;,&quot;jet_parallax_layout_on&quot;:[&quot;desktop&quot;,&quot;tablet&quot;]}]}\">\n\t\t\t\t\t<div class=\"e-con-inner\">\n\t\t<div class=\"elementor-element elementor-element-d8db283 e-con-full e-flex e-con e-child\" data-id=\"d8db283\" data-element_type=\"container\" data-settings=\"{&quot;jet_parallax_layout_list&quot;:[]}\">\n\t\t\t\t<div class=\"elementor-element elementor-element-e98f46f elementor-widget elementor-widget-heading\" data-id=\"e98f46f\" data-element_type=\"widget\" data-widget_type=\"heading.default\">\n\t\t\t\t<div class=\"elementor-widget-container\">\n\t\t\t\t\t<h2 class=\"elementor-heading-title elementor-size-default\">Vitaminska krema<\/h2>\t\t\t\t<\/div>\n\t\t\t\t<\/div>\n\t\t\t\t<div class=\"elementor-element elementor-element-9d60bf7 elementor-widget elementor-widget-text-editor\" data-id=\"9d60bf7\" data-element_type=\"widget\" data-widget_type=\"text-editor.default\">\n\t\t\t\t<div class=\"elementor-widget-container\">\n\t\t\t\t\t\t\t\t\t<p>Lorem ipsum dolor sit amet, consectetur adipiscing elit. Ut elit tellus, luctus nec ullamcorper mattis, pulvinar dapibus leo.<\/p>\t\t\t\t\t\t\t\t<\/div>\n\t\t\t\t<\/div>\n\t\t\t\t<\/div>\n\t\t<div class=\"elementor-element elementor-element-cdbfee9 e-con-full e-flex e-con e-child\" data-id=\"cdbfee9\" data-element_type=\"container\" data-settings=\"{&quot;jet_parallax_layout_list&quot;:[]}\">\n\t\t\t\t<div class=\"elementor-element elementor-element-c156afa elementor-widget elementor-widget-heading\" data-id=\"c156afa\" data-element_type=\"widget\" data-widget_type=\"heading.default\">\n\t\t\t\t<div class=\"elementor-widget-container\">\n\t\t\t\t\t<h2 class=\"elementor-heading-title elementor-size-default\">Desno Zgoraj<\/h2>\t\t\t\t<\/div>\n\t\t\t\t<\/div>\n\t\t\t\t<\/div>\n\t\t<div class=\"elementor-element elementor-element-54165b1 e-con-full e-flex e-con e-child\" data-id=\"54165b1\" data-element_type=\"container\" data-settings=\"{&quot;jet_parallax_layout_list&quot;:[]}\">\n\t\t\t\t<div class=\"elementor-element elementor-element-6b2c299 elementor-widget elementor-widget-heading\" data-id=\"6b2c299\" data-element_type=\"widget\" data-widget_type=\"heading.default\">\n\t\t\t\t<div class=\"elementor-widget-container\">\n\t\t\t\t\t<h2 class=\"elementor-heading-title elementor-size-default\">Levo Spodaj<\/h2>\t\t\t\t<\/div>\n\t\t\t\t<\/div>\n\t\t\t\t<\/div>\n\t\t<div class=\"elementor-element elementor-element-ebecc4a e-con-full e-flex e-con e-child\" data-id=\"ebecc4a\" data-element_type=\"container\" data-settings=\"{&quot;jet_parallax_layout_list&quot;:[]}\">\n\t\t\t\t<div class=\"elementor-element elementor-element-23f6461 elementor-widget elementor-widget-heading\" data-id=\"23f6461\" data-element_type=\"widget\" data-widget_type=\"heading.default\">\n\t\t\t\t<div class=\"elementor-widget-container\">\n\t\t\t\t\t<h2 class=\"elementor-heading-title elementor-size-default\">Desno Spodaj<\/h2>\t\t\t\t<\/div>\n\t\t\t\t<\/div>\n\t\t\t\t<\/div>\n\t\t\t\t\t<\/div>\n\t\t\t\t<\/div>\n\t\t\t\t<\/div>\n\t\t","protected":false},"excerpt":{"rendered":"<p>Vitaminska krema Lorem ipsum dolor sit amet, consectetur adipiscing elit. Ut elit tellus, luctus nec ullamcorper mattis, pulvinar dapibus leo. Desno Zgoraj Levo Spodaj Desno Spodaj<\/p>\n","protected":false},"author":2,"featured_media":0,"parent":0,"menu_order":0,"comment_status":"closed","ping_status":"closed","template":"","meta":{"footnotes":""},"class_list":["post-12218","page","type-page","status-publish","hentry"],"jetpack-related-posts":[{"id":6742,"url":"https:\/\/www.hempethica.com\/si\/postanite-nas-partner\/","url_meta":{"origin":12218,"position":0},"title":"Postanite partner","author":"ekipa Hempethica","date":"03\/04\/2021","format":false,"excerpt":"Postanite na\u0161 partner Vedno i\u0161\u010demo nove partnerje, tako trgovce in zastopnike kot tudi druge, ki jih zanima prodaja na\u0161ih izdelkov in \u0161irjenje na\u0161e filozofije.\u010ce vidite prilo\u017enost za sodelovanje z nami, nas kontaktirajte! Kontaktirajte nas Izpolnite spodnji obrazec ali nam po\u0161ljite e-po\u0161to na naslov: partners@hempethica.com. \u200b Na\u0161i partnerji Veseli nas, da\u2026","rel":"","context":"Similar post","block_context":{"text":"Similar post","link":""},"img":{"alt_text":"Hempethica, Drops of Nature, Widlab, pomo\u010d uporabnikom, samozdravljenje,","src":"https:\/\/i0.wp.com\/www.hempethica.com\/wp-content\/uploads\/2021\/10\/Hempethica-logo-WidLab.jpg?resize=350%2C200&ssl=1","width":350,"height":200},"classes":[]},{"id":1002,"url":"https:\/\/www.hempethica.com\/si\/pomoc-uporabnikom\/","url_meta":{"origin":12218,"position":1},"title":"Pomo\u010d uporabnikom","author":"ekipa Hempethica","date":"09\/07\/2018","format":false,"excerpt":"Pomo\u010d uporabnikom Vedno z veseljem pomagamo odgovoriti na va\u0161a vpra\u0161anja Pomo\u010d uporabnikom Pogosta vpra\u0161anja in odgovori Spodaj lahko najdete odgovore na najbolj iskana vpra\u0161anja na na\u0161i internetni strani. V kolikor med spodaj navedenimi vpra\u0161anji niste na\u0161li odgovora, nam prosim pi\u0161ite na e-naslov: info@hempethica.com\u00a0in odgovorili vam bomo v najkraj\u0161em mo\u017enem \u010dasu.Ekipa\u2026","rel":"","context":"Similar post","block_context":{"text":"Similar post","link":""},"img":{"alt_text":"","src":"https:\/\/i0.wp.com\/www.hempethica.com\/wp-content\/uploads\/2021\/04\/03_Hempethica_WEB_Logo-Slogan1_225x225px.png?resize=350%2C200&ssl=1","width":350,"height":200},"classes":[]},{"id":8028,"url":"https:\/\/www.hempethica.com\/si\/politika-zasebnosti-in-piskotkov\/","url_meta":{"origin":12218,"position":2},"title":"Politika zasebnosti in pi\u0161kotkov","author":"ekipa Hempethica","date":"31\/08\/2021","format":false,"excerpt":"Politika zasebnosti Spletno trgovino www.hempethica.com upravlja dru\u017eba WidLab d.o.o., \u0160tihova ulica 13, 1000 Ljubljana, Slovenija (v nadaljevanju: HEMPETHICA; tudi izpeljanke \u00bbmi\u00ab). Ta pravilnik o zasebnosti podrobno pojasnjuje, kako uporabljamo osebne podatke, ki nam jih posredujete ob uporabi spletne trgovine in ob naro\u010dilu izdelkov. Kaj so osebni podatki? Osebni podatki so\u2026","rel":"","context":"Similar post","block_context":{"text":"Similar post","link":""},"img":{"alt_text":"","src":"","width":0,"height":0},"classes":[]}],"jetpack_sharing_enabled":true,"_links":{"self":[{"href":"https:\/\/www.hempethica.com\/si\/wp-json\/wp\/v2\/pages\/12218","targetHints":{"allow":["GET"]}}],"collection":[{"href":"https:\/\/www.hempethica.com\/si\/wp-json\/wp\/v2\/pages"}],"about":[{"href":"https:\/\/www.hempethica.com\/si\/wp-json\/wp\/v2\/types\/page"}],"author":[{"embeddable":true,"href":"https:\/\/www.hempethica.com\/si\/wp-json\/wp\/v2\/users\/2"}],"replies":[{"embeddable":true,"href":"https:\/\/www.hempethica.com\/si\/wp-json\/wp\/v2\/comments?post=12218"}],"version-history":[{"count":7,"href":"https:\/\/www.hempethica.com\/si\/wp-json\/wp\/v2\/pages\/12218\/revisions"}],"predecessor-version":[{"id":12252,"href":"https:\/\/www.hempethica.com\/si\/wp-json\/wp\/v2\/pages\/12218\/revisions\/12252"}],"wp:attachment":[{"href":"https:\/\/www.hempethica.com\/si\/wp-json\/wp\/v2\/media?parent=12218"}],"curies":[{"name":"wp","href":"https:\/\/api.w.org\/{rel}","templated":true}]}}