{"id":1132,"date":"2018-07-07T11:27:10","date_gmt":"2018-07-07T09:27:10","guid":{"rendered":"http:\/\/shoptimizer.local\/?page_id=779"},"modified":"2024-05-16T12:11:01","modified_gmt":"2024-05-16T10:11:01","slug":"stopite-v-stik-z-nami-kontakt","status":"publish","type":"page","link":"https:\/\/www.hempethica.com\/si\/stopite-v-stik-z-nami-kontakt\/","title":{"rendered":"Kontakt"},"content":{"rendered":"\t\t<div data-elementor-type=\"wp-post\" data-elementor-id=\"1132\" class=\"elementor elementor-1132\">\n\t\t\t\t\t\t<section class=\"elementor-section elementor-top-section elementor-element elementor-element-69781c9 elementor-section-stretched elementor-section-boxed elementor-section-height-default elementor-section-height-default\" data-id=\"69781c9\" data-element_type=\"section\" data-settings=\"{&quot;background_background&quot;:&quot;classic&quot;,&quot;stretch_section&quot;:&quot;section-stretched&quot;,&quot;jet_parallax_layout_list&quot;:[]}\">\n\t\t\t\t\t\t\t<div class=\"elementor-background-overlay\"><\/div>\n\t\t\t\t\t\t\t<div class=\"elementor-container elementor-column-gap-default\">\n\t\t\t\t\t<div class=\"elementor-column elementor-col-100 elementor-top-column elementor-element elementor-element-76de592\" data-id=\"76de592\" data-element_type=\"column\" data-settings=\"{&quot;background_background&quot;:&quot;classic&quot;}\">\n\t\t\t<div class=\"elementor-widget-wrap elementor-element-populated\">\n\t\t\t\t\t\t<div class=\"elementor-element elementor-element-4dc0baa elementor-widget elementor-widget-heading\" data-id=\"4dc0baa\" data-element_type=\"widget\" data-widget_type=\"heading.default\">\n\t\t\t\t<div class=\"elementor-widget-container\">\n\t\t\t\t\t<h1 class=\"elementor-heading-title elementor-size-default\">Kontakt<\/h1>\t\t\t\t<\/div>\n\t\t\t\t<\/div>\n\t\t\t\t\t<\/div>\n\t\t<\/div>\n\t\t\t\t\t<\/div>\n\t\t<\/section>\n\t\t\t\t<section class=\"elementor-section elementor-top-section elementor-element elementor-element-a85ce27 elementor-section-boxed elementor-section-height-default elementor-section-height-default\" data-id=\"a85ce27\" data-element_type=\"section\" data-settings=\"{&quot;jet_parallax_layout_list&quot;:[]}\">\n\t\t\t\t\t\t<div class=\"elementor-container elementor-column-gap-default\">\n\t\t\t\t\t<div class=\"elementor-column elementor-col-50 elementor-top-column elementor-element elementor-element-fe43a15\" data-id=\"fe43a15\" data-element_type=\"column\">\n\t\t\t<div class=\"elementor-widget-wrap elementor-element-populated\">\n\t\t\t\t\t\t<div class=\"elementor-element elementor-element-4057353 elementor-widget elementor-widget-image\" data-id=\"4057353\" data-element_type=\"widget\" data-widget_type=\"image.default\">\n\t\t\t\t<div class=\"elementor-widget-container\">\n\t\t\t\t\t\t\t\t\t\t\t\t\t\t\t\t<a href=\"https:\/\/www.widlab.eu\" target=\"_blank\" rel=\"noopener\">\n\t\t\t\t\t\t\t<img decoding=\"async\" width=\"300\" height=\"84\" src=\"https:\/\/i0.wp.com\/www.hempethica.com\/wp-content\/uploads\/2021\/12\/Widlab-Hempethica.jpg?fit=300%2C84&amp;ssl=1\" class=\"attachment-medium size-medium wp-image-9562\" alt=\"Widlab, Hempethica, Kontakt, CBD kapljice, CBD Drops\" srcset=\"https:\/\/i0.wp.com\/www.hempethica.com\/wp-content\/uploads\/2021\/12\/Widlab-Hempethica.jpg?w=1250&amp;ssl=1 1250w, https:\/\/i0.wp.com\/www.hempethica.com\/wp-content\/uploads\/2021\/12\/Widlab-Hempethica.jpg?resize=600%2C168&amp;ssl=1 600w, https:\/\/i0.wp.com\/www.hempethica.com\/wp-content\/uploads\/2021\/12\/Widlab-Hempethica.jpg?resize=150%2C42&amp;ssl=1 150w, https:\/\/i0.wp.com\/www.hempethica.com\/wp-content\/uploads\/2021\/12\/Widlab-Hempethica.jpg?resize=300%2C84&amp;ssl=1 300w, https:\/\/i0.wp.com\/www.hempethica.com\/wp-content\/uploads\/2021\/12\/Widlab-Hempethica.jpg?resize=1024%2C287&amp;ssl=1 1024w, https:\/\/i0.wp.com\/www.hempethica.com\/wp-content\/uploads\/2021\/12\/Widlab-Hempethica.jpg?resize=768%2C215&amp;ssl=1 768w, https:\/\/i0.wp.com\/www.hempethica.com\/wp-content\/uploads\/2021\/12\/Widlab-Hempethica.jpg?resize=18%2C5&amp;ssl=1 18w, https:\/\/i0.wp.com\/www.hempethica.com\/wp-content\/uploads\/2021\/12\/Widlab-Hempethica.jpg?resize=800%2C224&amp;ssl=1 800w\" sizes=\"(max-width: 300px) 100vw, 300px\" title=\"\">\t\t\t\t\t\t\t\t<\/a>\n\t\t\t\t\t\t\t\t\t\t\t\t\t\t\t<\/div>\n\t\t\t\t<\/div>\n\t\t\t\t<div class=\"elementor-element elementor-element-151ad25 elementor-widget elementor-widget-text-editor\" data-id=\"151ad25\" data-element_type=\"widget\" data-widget_type=\"text-editor.default\">\n\t\t\t\t<div class=\"elementor-widget-container\">\n\t\t\t\t\t\t\t\t\t<p><strong>WidLab, <\/strong>trgovina in proizvodnja, d.o.o.<\/p><p><strong>Naslov<\/strong><br \/>\u0160tihova ulica 13<br \/>1000 Ljubljana<\/p><p><strong>Dav\u010dna \u0161t.<\/strong><br \/>90682238<\/p><p><strong>Mati\u010dna \u0161t.<\/strong><br \/>87958600000<\/p><p><strong>Kontakt:<\/strong> <a href=\"mailto:partners@hempethica.com\" target=\"_blank\" rel=\"noopener\">partners@hempethica.com<\/a><\/p>\t\t\t\t\t\t\t\t<\/div>\n\t\t\t\t<\/div>\n\t\t\t\t<div class=\"elementor-element elementor-element-7729e04 elementor-widget elementor-widget-text-editor\" data-id=\"7729e04\" data-element_type=\"widget\" data-widget_type=\"text-editor.default\">\n\t\t\t\t<div class=\"elementor-widget-container\">\n\t\t\t\t\t\t\t\t\t<ul><li><a href=\"https:\/\/www.hempethica.com\/pogoji-poslovanja\/\">Pogoji poslovanja<\/a><\/li><li><a href=\"https:\/\/www.hempethica.com\/politika-zasebnosti-in-piskotkov\/\">Pravno obvestilo \/ zasebnost<\/a><\/li><\/ul>\t\t\t\t\t\t\t\t<\/div>\n\t\t\t\t<\/div>\n\t\t\t\t\t<\/div>\n\t\t<\/div>\n\t\t\t\t<div class=\"elementor-column elementor-col-50 elementor-top-column elementor-element elementor-element-2c921af\" data-id=\"2c921af\" data-element_type=\"column\">\n\t\t\t<div class=\"elementor-widget-wrap elementor-element-populated\">\n\t\t\t\t\t\t<div class=\"elementor-element elementor-element-01ddecf elementor-widget elementor-widget-google_maps\" data-id=\"01ddecf\" data-element_type=\"widget\" data-widget_type=\"google_maps.default\">\n\t\t\t\t<div class=\"elementor-widget-container\">\n\t\t\t\t\t\t\t<div class=\"elementor-custom-embed\">\n\t\t\t<iframe loading=\"lazy\"\n\t\t\t\t\tsrc=\"https:\/\/maps.google.com\/maps?q=%C5%A0tihova%20ulica%2013&#038;t=m&#038;z=13&#038;output=embed&#038;iwloc=near\"\n\t\t\t\t\ttitle=\"\u0160tihova ulica 13\"\n\t\t\t\t\taria-label=\"\u0160tihova ulica 13\"\n\t\t\t><\/iframe>\n\t\t<\/div>\n\t\t\t\t\t\t<\/div>\n\t\t\t\t<\/div>\n\t\t\t\t\t<\/div>\n\t\t<\/div>\n\t\t\t\t\t<\/div>\n\t\t<\/section>\n\t\t\t\t<section class=\"elementor-section elementor-top-section elementor-element elementor-element-d5a120b elementor-section-boxed elementor-section-height-default elementor-section-height-default\" data-id=\"d5a120b\" data-element_type=\"section\" data-settings=\"{&quot;jet_parallax_layout_list&quot;:[]}\">\n\t\t\t\t\t\t<div class=\"elementor-container elementor-column-gap-default\">\n\t\t\t\t\t<div class=\"elementor-column elementor-col-100 elementor-top-column elementor-element elementor-element-4730e72\" data-id=\"4730e72\" data-element_type=\"column\">\n\t\t\t<div class=\"elementor-widget-wrap elementor-element-populated\">\n\t\t\t\t\t\t<div class=\"elementor-element elementor-element-e2bc3ae elementor-widget elementor-widget-heading\" data-id=\"e2bc3ae\" data-element_type=\"widget\" data-widget_type=\"heading.default\">\n\t\t\t\t<div class=\"elementor-widget-container\">\n\t\t\t\t\t<h2 class=\"elementor-heading-title elementor-size-default\">Stopite v kontakt z nami<\/h2>\t\t\t\t<\/div>\n\t\t\t\t<\/div>\n\t\t\t\t<div class=\"elementor-element elementor-element-35ad732 elementor-widget elementor-widget-wpforms\" data-id=\"35ad732\" data-element_type=\"widget\" data-widget_type=\"wpforms.default\">\n\t\t\t\t<div class=\"elementor-widget-container\">\n\t\t\t\t\t<div class=\"wpforms-container wpforms-container-full\" id=\"wpforms-6658\"><form id=\"wpforms-form-6658\" class=\"wpforms-validate wpforms-form\" data-formid=\"6658\" method=\"post\" enctype=\"multipart\/form-data\" action=\"\/si\/wp-json\/wp\/v2\/pages\/1132\" data-token=\"4a449903b29c898430d77c82965cb59d\" data-token-time=\"1777573391\"><noscript class=\"wpforms-error-noscript\">Please enable JavaScript in your browser to complete this form.<\/noscript><div class=\"wpforms-field-container\"><div id=\"wpforms-6658-field_0-container\" class=\"wpforms-field wpforms-field-name\" data-field-id=\"0\"><label class=\"wpforms-field-label\" for=\"wpforms-6658-field_0\">Ime in priimek <span class=\"wpforms-required-label\">*<\/span><\/label><div class=\"wpforms-field-row wpforms-field-large\"><div class=\"wpforms-field-row-block wpforms-first wpforms-one-half\"><input type=\"text\" id=\"wpforms-6658-field_0\" class=\"wpforms-field-name-first wpforms-field-required\" name=\"wpforms[fields][0][first]\" placeholder=\"Ime\" required><label for=\"wpforms-6658-field_0\" class=\"wpforms-field-sublabel after wpforms-sublabel-hide\">First<\/label><\/div><div class=\"wpforms-field-row-block wpforms-one-half\"><input type=\"text\" id=\"wpforms-6658-field_0-last\" class=\"wpforms-field-name-last wpforms-field-required\" name=\"wpforms[fields][0][last]\" placeholder=\"Priimek\" required><label for=\"wpforms-6658-field_0-last\" class=\"wpforms-field-sublabel after wpforms-sublabel-hide\">Last<\/label><\/div><\/div><\/div><div id=\"wpforms-6658-field_3-container\" class=\"wpforms-field wpforms-field-name\" data-field-id=\"3\"><label class=\"wpforms-field-label\" for=\"wpforms-6658-field_3\">Podjetje <span class=\"wpforms-required-label\">*<\/span><\/label><input type=\"text\" id=\"wpforms-6658-field_3\" class=\"wpforms-field-large wpforms-field-required\" name=\"wpforms[fields][3]\" required><\/div><div id=\"wpforms-6658-field_1-container\" class=\"wpforms-field wpforms-field-email\" data-field-id=\"1\"><label class=\"wpforms-field-label\" for=\"wpforms-6658-field_1\">E-po\u0161ta <span class=\"wpforms-required-label\">*<\/span><\/label><input type=\"email\" id=\"wpforms-6658-field_1\" class=\"wpforms-field-large wpforms-field-required\" name=\"wpforms[fields][1]\" spellcheck=\"false\" required><\/div><div id=\"wpforms-6658-field_5-container\" class=\"wpforms-field wpforms-field-name\" data-field-id=\"5\"><label class=\"wpforms-field-label\" for=\"wpforms-6658-field_5\">Naslov sporo\u010dila <span class=\"wpforms-required-label\">*<\/span><\/label><input type=\"text\" id=\"wpforms-6658-field_5\" class=\"wpforms-field-large wpforms-field-required\" name=\"wpforms[fields][5]\" required><\/div><div id=\"wpforms-6658-field_2-container\" class=\"wpforms-field wpforms-field-textarea\" data-field-id=\"2\"><label class=\"wpforms-field-label\" for=\"wpforms-6658-field_2\">Sporo\u010dilo <span class=\"wpforms-required-label\">*<\/span><\/label><textarea id=\"wpforms-6658-field_2\" class=\"wpforms-field-medium wpforms-field-required\" name=\"wpforms[fields][2]\" placeholder=\"Tukaj vpi\u0161ite va\u0161e sporo\u010dilo, hvala!\" required><\/textarea><\/div><div id=\"wpforms-6658-field_6-container\" class=\"wpforms-field wpforms-field-checkbox\" data-field-id=\"6\"><label class=\"wpforms-field-label\">GDPR <span class=\"wpforms-required-label\">*<\/span><\/label><ul id=\"wpforms-6658-field_6\" class=\"wpforms-field-required\"><li class=\"choice-1 depth-1\"><input type=\"checkbox\" id=\"wpforms-6658-field_6_1\" name=\"wpforms[fields][6][]\" value=\"Strinjam se s Politiko zasebnosti \/ pi\u0161kotki\" required ><label class=\"wpforms-field-label-inline\" for=\"wpforms-6658-field_6_1\">Strinjam se s Politiko zasebnosti \/ pi\u0161kotki<\/label><\/li><\/ul><div class=\"wpforms-field-description\"><a href=\"https:\/\/www.hempethica.com\/politika-zasebnosti-in-piskotkov\/\">Politika zasebnosti \/ pi\u0161kotki<\/a><\/div><\/div><\/div><!-- .wpforms-field-container --><div class=\"wpforms-field wpforms-field-hp\"><label for=\"wpforms-6658-field-hp\" class=\"wpforms-field-label\">Comment<\/label><input type=\"text\" name=\"wpforms[hp]\" id=\"wpforms-6658-field-hp\" class=\"wpforms-field-medium\"><\/div><div class=\"wpforms-recaptcha-container wpforms-is-recaptcha wpforms-is-recaptcha-type-invisible\" ><div class=\"g-recaptcha\" data-sitekey=\"6LemXDskAAAAAA06pAcH4Y5digcJ0v7gJ5OJ9ZA0\" data-size=\"invisible\"><\/div><\/div><div class=\"wpforms-submit-container\" ><input type=\"hidden\" name=\"wpforms[id]\" value=\"6658\"><input type=\"hidden\" name=\"page_title\" value=\"\"><input type=\"hidden\" name=\"page_url\" value=\"https:\/\/www.hempethica.com\/si\/wp-json\/wp\/v2\/pages\/1132\"><input type=\"hidden\" name=\"url_referer\" value=\"\"><button type=\"submit\" name=\"wpforms[submit]\" id=\"wpforms-submit-6658\" class=\"wpforms-submit\" data-alt-text=\"Po\u0161iljam...\" data-submit-text=\"Po\u0161lji sporo\u010dilo\" aria-live=\"assertive\" value=\"wpforms-submit\">Po\u0161lji sporo\u010dilo<\/button><\/div><\/form><\/div>  <!-- .wpforms-container -->\t\t\t\t<\/div>\n\t\t\t\t<\/div>\n\t\t\t\t\t<\/div>\n\t\t<\/div>\n\t\t\t\t\t<\/div>\n\t\t<\/section>\n\t\t\t\t<\/div>\n\t\t","protected":false},"excerpt":{"rendered":"<p>Kontakt WidLab, trgovina in proizvodnja, d.o.o. Naslov\u0160tihova ulica 131000 Ljubljana Dav\u010dna \u0161t.90682238 Mati\u010dna \u0161t.87958600000 Kontakt: partners@hempethica.com Pogoji poslovanja Pravno obvestilo \/ zasebnost Stopite v kontakt z nami Please enable JavaScript in your browser to complete this form.Ime in priimek *FirstLastPodjetje *E-po\u0161ta *Naslov sporo\u010dila *Sporo\u010dilo *GDPR * Strinjam se s Politiko zasebnosti \/ pi\u0161kotki Politika zasebnosti [&hellip;]<\/p>\n","protected":false},"author":1,"featured_media":9544,"parent":0,"menu_order":0,"comment_status":"closed","ping_status":"closed","template":"template-fullwidth-no-heading.php","meta":{"footnotes":""},"class_list":["post-1132","page","type-page","status-publish","has-post-thumbnail","hentry"],"jetpack-related-posts":[{"id":8028,"url":"https:\/\/www.hempethica.com\/si\/politika-zasebnosti-in-piskotkov\/","url_meta":{"origin":1132,"position":0},"title":"Politika zasebnosti in pi\u0161kotkov","author":"ekipa Hempethica","date":"31\/08\/2021","format":false,"excerpt":"Politika zasebnosti Spletno trgovino www.hempethica.com upravlja dru\u017eba WidLab d.o.o., \u0160tihova ulica 13, 1000 Ljubljana, Slovenija (v nadaljevanju: HEMPETHICA; tudi izpeljanke \u00bbmi\u00ab). Ta pravilnik o zasebnosti podrobno pojasnjuje, kako uporabljamo osebne podatke, ki nam jih posredujete ob uporabi spletne trgovine in ob naro\u010dilu izdelkov. Kaj so osebni podatki? Osebni podatki so\u2026","rel":"","context":"Similar post","block_context":{"text":"Similar post","link":""},"img":{"alt_text":"","src":"","width":0,"height":0},"classes":[]}],"jetpack_sharing_enabled":true,"_links":{"self":[{"href":"https:\/\/www.hempethica.com\/si\/wp-json\/wp\/v2\/pages\/1132","targetHints":{"allow":["GET"]}}],"collection":[{"href":"https:\/\/www.hempethica.com\/si\/wp-json\/wp\/v2\/pages"}],"about":[{"href":"https:\/\/www.hempethica.com\/si\/wp-json\/wp\/v2\/types\/page"}],"author":[{"embeddable":true,"href":"https:\/\/www.hempethica.com\/si\/wp-json\/wp\/v2\/users\/1"}],"replies":[{"embeddable":true,"href":"https:\/\/www.hempethica.com\/si\/wp-json\/wp\/v2\/comments?post=1132"}],"version-history":[{"count":88,"href":"https:\/\/www.hempethica.com\/si\/wp-json\/wp\/v2\/pages\/1132\/revisions"}],"predecessor-version":[{"id":12611,"href":"https:\/\/www.hempethica.com\/si\/wp-json\/wp\/v2\/pages\/1132\/revisions\/12611"}],"wp:featuredmedia":[{"embeddable":true,"href":"https:\/\/www.hempethica.com\/si\/wp-json\/wp\/v2\/media\/9544"}],"wp:attachment":[{"href":"https:\/\/www.hempethica.com\/si\/wp-json\/wp\/v2\/media?parent=1132"}],"curies":[{"name":"wp","href":"https:\/\/api.w.org\/{rel}","templated":true}]}}