{"id":10,"date":"2021-03-28T22:16:15","date_gmt":"2021-03-28T20:16:15","guid":{"rendered":"https:\/\/www.hempethica.com\/my-account\/"},"modified":"2023-10-11T16:53:32","modified_gmt":"2023-10-11T14:53:32","slug":"moj-racun","status":"publish","type":"page","link":"https:\/\/www.hempethica.com\/si\/moj-racun\/","title":{"rendered":"Moj ra\u010dun"},"content":{"rendered":"<div class=\"woocommerce\"><\/div>\n","protected":false},"excerpt":{"rendered":"","protected":false},"author":2,"featured_media":0,"parent":0,"menu_order":0,"comment_status":"closed","ping_status":"closed","template":"template-fullwidth-no-heading.php","meta":{"footnotes":""},"class_list":["post-10","page","type-page","status-publish","hentry"],"jetpack-related-posts":[{"id":1002,"url":"https:\/\/www.hempethica.com\/si\/pomoc-uporabnikom\/","url_meta":{"origin":10,"position":0},"title":"Pomo\u010d uporabnikom","author":"ekipa Hempethica","date":"09\/07\/2018","format":false,"excerpt":"Pomo\u010d uporabnikom Vedno z veseljem pomagamo odgovoriti na va\u0161a vpra\u0161anja Pomo\u010d uporabnikom Pogosta vpra\u0161anja in odgovori Spodaj lahko najdete odgovore na najbolj iskana vpra\u0161anja na na\u0161i internetni strani. V kolikor med spodaj navedenimi vpra\u0161anji niste na\u0161li odgovora, nam prosim pi\u0161ite na e-naslov: info@hempethica.com\u00a0in odgovorili vam bomo v najkraj\u0161em mo\u017enem \u010dasu.Ekipa\u2026","rel":"","context":"Similar post","block_context":{"text":"Similar post","link":""},"img":{"alt_text":"","src":"https:\/\/i0.wp.com\/www.hempethica.com\/wp-content\/uploads\/2021\/04\/03_Hempethica_WEB_Logo-Slogan1_225x225px.png?resize=350%2C200&ssl=1","width":350,"height":200},"classes":[]},{"id":795,"url":"https:\/\/www.hempethica.com\/si\/pogoji-poslovanja\/","url_meta":{"origin":10,"position":1},"title":"Pogoji poslovanja","author":"ekipa Hempethica","date":"18\/05\/2018","format":false,"excerpt":"Splo\u0161ni pogoji poslovanja Splo\u0161ni pogoji poslovanja spletne trgovine www.hempethica.com so sestavljeni v skladu z Zakonom o varstvu potro\u0161nikov (ZVPot), Zakonom o varstvu osebnih podatkov (ZVOP-1) ter Zakonom o elektronskih komunikacijah (ZEKom-1).S spletno trgovino www.hempethica.com upravlja podjetje WidLab d.o.o., \u0160tihova ulica 13, 1000 Ljubljana, Slovenija.Splo\u0161ni pogoji poslovanja dolo\u010dajo delovanje spletne trgovine,\u2026","rel":"","context":"Similar post","block_context":{"text":"Similar post","link":""},"img":{"alt_text":"","src":"","width":0,"height":0},"classes":[]}],"jetpack_sharing_enabled":true,"_links":{"self":[{"href":"https:\/\/www.hempethica.com\/si\/wp-json\/wp\/v2\/pages\/10","targetHints":{"allow":["GET"]}}],"collection":[{"href":"https:\/\/www.hempethica.com\/si\/wp-json\/wp\/v2\/pages"}],"about":[{"href":"https:\/\/www.hempethica.com\/si\/wp-json\/wp\/v2\/types\/page"}],"author":[{"embeddable":true,"href":"https:\/\/www.hempethica.com\/si\/wp-json\/wp\/v2\/users\/2"}],"replies":[{"embeddable":true,"href":"https:\/\/www.hempethica.com\/si\/wp-json\/wp\/v2\/comments?post=10"}],"version-history":[{"count":1,"href":"https:\/\/www.hempethica.com\/si\/wp-json\/wp\/v2\/pages\/10\/revisions"}],"predecessor-version":[{"id":6755,"href":"https:\/\/www.hempethica.com\/si\/wp-json\/wp\/v2\/pages\/10\/revisions\/6755"}],"wp:attachment":[{"href":"https:\/\/www.hempethica.com\/si\/wp-json\/wp\/v2\/media?parent=10"}],"curies":[{"name":"wp","href":"https:\/\/api.w.org\/{rel}","templated":true}]}}