{"id":7979,"date":"2021-08-31T10:04:48","date_gmt":"2021-08-31T08:04:48","guid":{"rendered":"https:\/\/www.hempethica.com\/?post_type=product&#038;p=7979"},"modified":"2025-04-13T15:49:21","modified_gmt":"2025-04-13T13:49:21","slug":"svetovanje-osnovni-svetovalni-paket","status":"publish","type":"product","link":"https:\/\/www.hempethica.com\/en\/trgovina\/svetovanje-osnovni-svetovalni-paket\/","title":{"rendered":"Basic consulting"},"content":{"rendered":"<h2>Consulting<\/h2>\n<p class=\"translation-block\">In the <strong> Basic Counseling Package<\/strong>, we offer you insight and options for using cannabinoids to help alleviate minor illnesses, which also includes advice on choosing suitable cannabinoid products.<\/p>\n<div class=\"elementor-element elementor-element-9a4f0b7 elementor-widget elementor-widget-heading\" data-id=\"9a4f0b7\" data-element_type=\"widget\" data-widget_type=\"heading.default\">\n<div class=\"elementor-widget-container\">\n<h3 class=\"elementor-heading-title elementor-size-default\">Cannabis possibilities for medical purposes<\/h3>\n<\/div>\n<\/div>\n<div class=\"elementor-element elementor-element-8b9a309 elementor-widget elementor-widget-text-editor\" data-id=\"8b9a309\" data-element_type=\"widget\" data-widget_type=\"text-editor.default\">\n<div class=\"elementor-widget-container\">\n<p>Most research on cannabinoids in the field of palliative use, covering the treatment or pain relief, nausea, insomnia and some other symptoms that adversely affect quality of life. The next well-researched field of cannabinoid use is the field of neurodegenerative diseases, which includes Alzheimer's and Parkinson's disease. A third well-researched area, however, covers disease states where pathogenesis is associated with excessive signal transduction, which includes epilepsy and neuropathic pain. Very good results of cannabinoid treatment are also in the field of inflammatory diseases, which include multiple sclerosis and the field of rheumatic conditions, which includes fibromyalgia. More and more research is also focused on the treatment of cancer symptoms and as an antitumor drug.<\/p>\n<div class=\"elementor-element elementor-element-879347e elementor-widget elementor-widget-heading\" data-id=\"879347e\" data-element_type=\"widget\" data-widget_type=\"heading.default\">\n<div class=\"elementor-widget-container\">\n<h3 class=\"elementor-heading-title elementor-size-default\">Who is suitable for self-treatment with cannabinoids?<\/h3>\n<\/div>\n<\/div>\n<div class=\"elementor-element elementor-element-299b3d5 elementor-widget elementor-widget-text-editor\" data-id=\"299b3d5\" data-element_type=\"widget\" data-widget_type=\"text-editor.default\">\n<div class=\"elementor-widget-container\">\n<p>Cannabinoids act on two systems in the body, the nervous system (central and peripheral) and the immune system. When our endocannabinoid system is in balance or in homeostasis, we feel good. However, if the balance is upset, our well-being deteriorates. This phenomenon usually occurs due to perceptions and disturbances from our surroundings. That\u2019s when our endocannabinoid system activates and tries to get us back into balance.<\/p>\n<p>The use of cannabinoids has been banned for a long time due to its long-standing prohibition.<\/p>\n<p class=\"translation-block\">If you are interested in more about counseling packages, you can read <a href=\"https:\/\/www.hempethica.com\/en\/svetovanje-glede-uporabe-konoplje-in-kanabinoidov\/\" target=\"_self\"> here<\/a>.<\/p>\n<h3>How is counseling carried out?<\/h3>\n<p class=\"translation-block\">Consulting is usually provided via Internet platforms (Meets, Skype, Teams, etc.). Exceptionally it can be carried out at the company's headquarters <a href=\"https:\/\/www.widlab.eu\" target=\"_blank\" rel=\"noopener\"> Widlab Ltd.<\/a> in Ljubljana, \u0160tihova ulica 13.<\/p>\n<\/div>\n<\/div>\n<\/div>\n<\/div>","protected":false},"excerpt":{"rendered":"<p>Consultancy in the field of cannabis use and cannabis products.\u00a0<strong>Basic consulting<\/strong> je namenjen predvsem tistim osebam, ki se s konopljinimi izdelki sre\u010dujejo prvi\u010d in bi si \u017eeleli ve\u010dji vpogled in pomo\u010d na tem podro\u010dju.<\/p>\n<p class=\"translation-block\">If you are interested in more about counseling packages, you can read <a href=\"https:\/\/www.hempethica.com\/en\/svetovanje-glede-uporabe-konoplje-in-kanabinoidov\/\" target=\"_self\"> here<\/a>.<\/p>","protected":false},"featured_media":8152,"comment_status":"open","ping_status":"closed","template":"","meta":[],"product_brand":[],"product_cat":[73,15],"product_tag":[],"class_list":{"0":"post-7979","1":"product","2":"type-product","3":"status-publish","4":"has-post-thumbnail","6":"product_cat-svetovanje","7":"product_cat-vsi-produkti","9":"first","10":"onbackorder","11":"virtual","12":"purchasable","13":"product-type-simple"},"jetpack-related-posts":[{"id":7980,"url":"https:\/\/www.hempethica.com\/en\/trgovina\/svetovanje-napredni-svetovalni-paket\/","url_meta":{"origin":7979,"position":0},"title":"Advanced consulting","author":"ekipa Hempethica","date":"31\/08\/2021","format":false,"excerpt":"V kolikor bi potrebovali pomo\u010d pri izbiri pravih izdelkov na podro\u010dju konoplje, kanabinoidov in terpenov, vam predlagamo izbiro\u00a0Naprednega svetovalnega paketa. Za vas poi\u0161\u010demo strokovno literaturo, kjer so podrobno raziskovali omenjena stanja. V kolikor vas zanima ve\u010d o svetovalnih paketih, si lahko preberete tukaj.","rel":"","context":"Similar post","block_context":{"text":"Similar post","link":""},"img":{"alt_text":"Svetovanje na podro\u010dju uporabe kanabinoidov","src":"https:\/\/i0.wp.com\/www.hempethica.com\/wp-content\/uploads\/2022\/01\/CBD-svetovanje-osnovno-Hempethica.jpg?fit=600%2C600&ssl=1&resize=350%2C200","width":350,"height":200,"srcset":"https:\/\/i0.wp.com\/www.hempethica.com\/wp-content\/uploads\/2022\/01\/CBD-svetovanje-osnovno-Hempethica.jpg?fit=600%2C600&ssl=1&resize=350%2C200 1x, https:\/\/i0.wp.com\/www.hempethica.com\/wp-content\/uploads\/2022\/01\/CBD-svetovanje-osnovno-Hempethica.jpg?fit=600%2C600&ssl=1&resize=525%2C300 1.5x"},"classes":[]},{"id":7988,"url":"https:\/\/www.hempethica.com\/en\/trgovina\/periodicno-svetovanje\/","url_meta":{"origin":7979,"position":1},"title":"Periodic consulting","author":"ekipa Hempethica","date":"31\/08\/2021","format":false,"excerpt":"Svetovanje na podro\u010dju uporabe konoplje in konopljinih izdelkov. V kolikor vas zanima ve\u010d o svetovalnih paketih, si lahko preberete tukaj. \u00a0","rel":"","context":"Similar post","block_context":{"text":"Similar post","link":""},"img":{"alt_text":"Svetovanje na podro\u010dju uporabe konoplje in kanabinoidov","src":"https:\/\/i0.wp.com\/www.hempethica.com\/wp-content\/uploads\/2022\/01\/CBD-svetovanje-Hempethica.jpg?fit=600%2C600&ssl=1&resize=350%2C200","width":350,"height":200,"srcset":"https:\/\/i0.wp.com\/www.hempethica.com\/wp-content\/uploads\/2022\/01\/CBD-svetovanje-Hempethica.jpg?fit=600%2C600&ssl=1&resize=350%2C200 1x, https:\/\/i0.wp.com\/www.hempethica.com\/wp-content\/uploads\/2022\/01\/CBD-svetovanje-Hempethica.jpg?fit=600%2C600&ssl=1&resize=525%2C300 1.5x"},"classes":[]},{"id":10860,"url":"https:\/\/www.hempethica.com\/en\/trgovina\/opti-pain-konopljina-smola\/","url_meta":{"origin":7979,"position":2},"title":"CBD\/CBG OPTI PAIN hemp resin 30%","author":"ekipa Hempethica","date":"01\/06\/2022","format":false,"excerpt":"30% CBD\/CBG Opti Pain konopljina smola s svojim delovanjem laj\u0161a zaznavanje bole\u010dine. 100% naravni izvle\u010dek razli\u010dnih sort konoplje s \u0161irokom delovanjem. Vsebuje ve\u010d vrst in tipov kanabinoidov s prevladujo\u010dim CBD kanabinoidom. Poleg tega vsebuje tudi visoke vsebnosti CBDA in CBG kanabinoida. Vsebnost THC je znotraj zakonsko dovoljene meje <0,2%. Vsebuje\u2026","rel":"","context":"Similar post","block_context":{"text":"Similar post","link":""},"img":{"alt_text":"","src":"https:\/\/i0.wp.com\/www.hempethica.com\/wp-content\/uploads\/2023\/11\/OPTI-PAIN-smola-5-mL-30-embalaza-in-dozirnik.webp?fit=1200%2C1200&ssl=1&resize=350%2C200","width":350,"height":200,"srcset":"https:\/\/i0.wp.com\/www.hempethica.com\/wp-content\/uploads\/2023\/11\/OPTI-PAIN-smola-5-mL-30-embalaza-in-dozirnik.webp?fit=1200%2C1200&ssl=1&resize=350%2C200 1x, https:\/\/i0.wp.com\/www.hempethica.com\/wp-content\/uploads\/2023\/11\/OPTI-PAIN-smola-5-mL-30-embalaza-in-dozirnik.webp?fit=1200%2C1200&ssl=1&resize=525%2C300 1.5x, https:\/\/i0.wp.com\/www.hempethica.com\/wp-content\/uploads\/2023\/11\/OPTI-PAIN-smola-5-mL-30-embalaza-in-dozirnik.webp?fit=1200%2C1200&ssl=1&resize=700%2C400 2x, https:\/\/i0.wp.com\/www.hempethica.com\/wp-content\/uploads\/2023\/11\/OPTI-PAIN-smola-5-mL-30-embalaza-in-dozirnik.webp?fit=1200%2C1200&ssl=1&resize=1050%2C600 3x"},"classes":[]},{"id":7138,"url":"https:\/\/www.hempethica.com\/en\/trgovina\/opti-pain-kapljice-za-lajsanje-bolecin\/","url_meta":{"origin":7979,"position":3},"title":"OPTI PAIN \u2013 Hemp drops to relieve the feeling of pain","author":"ekipa Hempethica","date":"21\/04\/2021","format":false,"excerpt":"Kapljice so naravni prehranski dodatek, ki temelji na izvle\u010dkih konoplje. Konoplja je rastlina, ki je \u017ee stoletja znana po svojih \u0161tevilnih koristih za \u010dlove\u0161ko telo. Kanabinoidi in terpeni, ki jih kapljice vsebuejejo, poskrbijo za usmerjeno delovanje, s \u010dimer z u\u017eivanjem kapljic poskrbimo za laj\u0161anje ob\u010dutka bole\u010dine. V zadnjem \u010dasu se\u2026","rel":"","context":"Similar post","block_context":{"text":"Similar post","link":""},"img":{"alt_text":"Opti pain - Konopljine CBD kapljice za laj\u0161anje bole\u010din","src":"https:\/\/i0.wp.com\/www.hempethica.com\/wp-content\/uploads\/2023\/11\/OPTI-PAIN-embalaza-in-steklenicka-BELA.webp?fit=1200%2C1200&ssl=1&resize=350%2C200","width":350,"height":200,"srcset":"https:\/\/i0.wp.com\/www.hempethica.com\/wp-content\/uploads\/2023\/11\/OPTI-PAIN-embalaza-in-steklenicka-BELA.webp?fit=1200%2C1200&ssl=1&resize=350%2C200 1x, https:\/\/i0.wp.com\/www.hempethica.com\/wp-content\/uploads\/2023\/11\/OPTI-PAIN-embalaza-in-steklenicka-BELA.webp?fit=1200%2C1200&ssl=1&resize=525%2C300 1.5x, https:\/\/i0.wp.com\/www.hempethica.com\/wp-content\/uploads\/2023\/11\/OPTI-PAIN-embalaza-in-steklenicka-BELA.webp?fit=1200%2C1200&ssl=1&resize=700%2C400 2x, https:\/\/i0.wp.com\/www.hempethica.com\/wp-content\/uploads\/2023\/11\/OPTI-PAIN-embalaza-in-steklenicka-BELA.webp?fit=1200%2C1200&ssl=1&resize=1050%2C600 3x"},"classes":[]},{"id":10816,"url":"https:\/\/www.hempethica.com\/en\/trgovina\/konoplja-v-medicini\/","url_meta":{"origin":7979,"position":4},"title":"Cannabis in medicine - how cannabis helps us to better health and well-being","author":"ekipa Hempethica","date":"01\/06\/2022","format":false,"excerpt":"Predstavljamo vam knjigo\u00a0Konoplja v medicini - kako si s konopljo pomagamo do bolj\u0161ega zdravja in po\u010dutja, avtorice doc. dr. Tanje Bagar. Knjiga je iz\u0161la v slovenskem, hrva\u0161kem in nem\u0161kem jeziku. Izdana je v mehki vezavi.","rel":"","context":"Similar post","block_context":{"text":"Similar post","link":""},"img":{"alt_text":"Konoplja v medicini","src":"https:\/\/i0.wp.com\/www.hempethica.com\/wp-content\/uploads\/2022\/05\/Konoplja-v-medicini.jpg?fit=600%2C700&ssl=1&resize=350%2C200","width":350,"height":200,"srcset":"https:\/\/i0.wp.com\/www.hempethica.com\/wp-content\/uploads\/2022\/05\/Konoplja-v-medicini.jpg?fit=600%2C700&ssl=1&resize=350%2C200 1x, https:\/\/i0.wp.com\/www.hempethica.com\/wp-content\/uploads\/2022\/05\/Konoplja-v-medicini.jpg?fit=600%2C700&ssl=1&resize=525%2C300 1.5x"},"classes":[]},{"id":11363,"url":"https:\/\/www.hempethica.com\/en\/trgovina\/enegry-kapljice-za-boljse-pocutje\/","url_meta":{"origin":7979,"position":5},"title":"ENERGY \u2013 Hemp drops for better well-being","author":"ekipa Hempethica","date":"06\/10\/2023","format":false,"excerpt":"Konoplja je rastlina, ki je \u017ee stoletja znana po svojih \u0161tevilnih koristih za \u010dlove\u0161ko telo. Usmerjeno delovanje poskrbi za bolj\u0161e po\u010dutje. Pomagajo krepiti imunski sistem. Kapljice vsebujejo ekstrakt konoplje, ki je pridelana brez pesticidov in herbicidov ter je ekolo\u0161ko certificirana. Kapljice so \u0161e posebej primerne za prehodna obdobja, ko telo\u2026","rel":"","context":"Similar post","block_context":{"text":"Similar post","link":""},"img":{"alt_text":"Energy- Konopljine CBD kapljice za bolj\u0161e po\u010dutje","src":"https:\/\/i0.wp.com\/www.hempethica.com\/wp-content\/uploads\/2023\/11\/ENERGY-embalaza-in-steklenicka-BELA.webp?fit=1200%2C1200&ssl=1&resize=350%2C200","width":350,"height":200,"srcset":"https:\/\/i0.wp.com\/www.hempethica.com\/wp-content\/uploads\/2023\/11\/ENERGY-embalaza-in-steklenicka-BELA.webp?fit=1200%2C1200&ssl=1&resize=350%2C200 1x, https:\/\/i0.wp.com\/www.hempethica.com\/wp-content\/uploads\/2023\/11\/ENERGY-embalaza-in-steklenicka-BELA.webp?fit=1200%2C1200&ssl=1&resize=525%2C300 1.5x, https:\/\/i0.wp.com\/www.hempethica.com\/wp-content\/uploads\/2023\/11\/ENERGY-embalaza-in-steklenicka-BELA.webp?fit=1200%2C1200&ssl=1&resize=700%2C400 2x, https:\/\/i0.wp.com\/www.hempethica.com\/wp-content\/uploads\/2023\/11\/ENERGY-embalaza-in-steklenicka-BELA.webp?fit=1200%2C1200&ssl=1&resize=1050%2C600 3x"},"classes":[]}],"jetpack_sharing_enabled":true,"_links":{"self":[{"href":"https:\/\/www.hempethica.com\/en\/wp-json\/wp\/v2\/product\/7979","targetHints":{"allow":["GET"]}}],"collection":[{"href":"https:\/\/www.hempethica.com\/en\/wp-json\/wp\/v2\/product"}],"about":[{"href":"https:\/\/www.hempethica.com\/en\/wp-json\/wp\/v2\/types\/product"}],"replies":[{"embeddable":true,"href":"https:\/\/www.hempethica.com\/en\/wp-json\/wp\/v2\/comments?post=7979"}],"version-history":[{"count":1,"href":"https:\/\/www.hempethica.com\/en\/wp-json\/wp\/v2\/product\/7979\/revisions"}],"predecessor-version":[{"id":10084,"href":"https:\/\/www.hempethica.com\/en\/wp-json\/wp\/v2\/product\/7979\/revisions\/10084"}],"wp:featuredmedia":[{"embeddable":true,"href":"https:\/\/www.hempethica.com\/en\/wp-json\/wp\/v2\/media\/8152"}],"wp:attachment":[{"href":"https:\/\/www.hempethica.com\/en\/wp-json\/wp\/v2\/media?parent=7979"}],"wp:term":[{"taxonomy":"product_brand","embeddable":true,"href":"https:\/\/www.hempethica.com\/en\/wp-json\/wp\/v2\/product_brand?post=7979"},{"taxonomy":"product_cat","embeddable":true,"href":"https:\/\/www.hempethica.com\/en\/wp-json\/wp\/v2\/product_cat?post=7979"},{"taxonomy":"product_tag","embeddable":true,"href":"https:\/\/www.hempethica.com\/en\/wp-json\/wp\/v2\/product_tag?post=7979"}],"curies":[{"name":"wp","href":"https:\/\/api.w.org\/{rel}","templated":true}]}}