{"id":10863,"date":"2022-06-02T14:16:10","date_gmt":"2022-06-02T12:16:10","guid":{"rendered":"https:\/\/www.hempethica.com\/?post_type=product&#038;p=10863"},"modified":"2026-03-23T12:15:32","modified_gmt":"2026-03-23T11:15:32","slug":"majica-hempethica","status":"publish","type":"product","link":"https:\/\/www.hempethica.com\/en\/trgovina\/majica-hempethica\/","title":{"rendered":"T-Shirt Hempethica"},"content":{"rendered":"<h2 class=\"wp-block-heading\">T-Shirt Hempethica<\/h2>\n\n\n\n<p>Would you also like to become at least partly our promoters? Order our t-shirts, you won't regret it!<\/p>\n\n\n\n<p>Wondering why Hempethica products were invented?<\/p>\n\n\n\n<p>Hempethica is not just an idea. Hempethica is a vision of bringing natural products closer to humans and move them away from often unnecessary chemicals that surround us on a daily basis. Hempethica works with nature and concludes a special relationship between nature and humans.<\/p>\n\n\n\n<p class=\"translation-block\">Our products are registered under brand name Hempethica. They are developed on the basis of our own knowledge, which we are constantly upgrading in our company Widlab Ltd. For the purposes of our own research and development, we partly grow and process cannabis ourselves, as well. All in order to have the lowest possible carbon footprint and to involve the local population in their work processes.<\/p>\n\n\n\n<p>Hempethica therefore works with nature and with people, for nature and for people.<\/p>\n\n\n\n<p class=\"translation-block\">Read more <a href=\"https:\/\/www.hempethica.com\/en\/vec-kot-le-ideja-hempethica\/\" target=\"_self\">here<\/a>.<\/p>","protected":false},"excerpt":{"rendered":"<p>Hempethica T-shirt, different sizes. Minimum size XS, maximum size XXXL.<\/p>","protected":false},"featured_media":10871,"comment_status":"open","ping_status":"closed","template":"","meta":[],"product_brand":[],"product_cat":[15,114],"product_tag":[],"class_list":{"0":"post-10863","1":"product","2":"type-product","3":"status-publish","4":"has-post-thumbnail","6":"product_cat-vsi-produkti","7":"product_cat-ostali-izdelki","9":"first","10":"instock","11":"shipping-taxable","12":"purchasable","13":"product-type-variable"},"jetpack-related-posts":[{"id":7979,"url":"https:\/\/www.hempethica.com\/en\/trgovina\/svetovanje-osnovni-svetovalni-paket\/","url_meta":{"origin":10863,"position":0},"title":"Basic consulting","author":"ekipa Hempethica","date":"31\/08\/2021","format":false,"excerpt":"Svetovanje na podro\u010dju uporabe konoplje in konopljinih izdelkov.\u00a0Osnovni svetovalni paket je namenjen predvsem tistim osebam, ki se s konopljinimi izdelki sre\u010dujejo prvi\u010d in bi si \u017eeleli ve\u010dji vpogled in pomo\u010d na tem podro\u010dju. V kolikor vas zanima ve\u010d o svetovalnih paketih, si lahko preberete tukaj.","rel":"","context":"Similar post","block_context":{"text":"Similar post","link":""},"img":{"alt_text":"Svetovanje glede uporabe kanabinoidov","src":"https:\/\/i0.wp.com\/www.hempethica.com\/wp-content\/uploads\/2021\/08\/CBD-Svetovanje-Consulting-Hempethica.jpg?fit=600%2C600&ssl=1&resize=350%2C200","width":350,"height":200,"srcset":"https:\/\/i0.wp.com\/www.hempethica.com\/wp-content\/uploads\/2021\/08\/CBD-Svetovanje-Consulting-Hempethica.jpg?fit=600%2C600&ssl=1&resize=350%2C200 1x, https:\/\/i0.wp.com\/www.hempethica.com\/wp-content\/uploads\/2021\/08\/CBD-Svetovanje-Consulting-Hempethica.jpg?fit=600%2C600&ssl=1&resize=525%2C300 1.5x"},"classes":[]},{"id":11270,"url":"https:\/\/www.hempethica.com\/en\/trgovina\/oil-mighty-olje-za-brado\/","url_meta":{"origin":10863,"position":1},"title":"OIL MIGHTY - Beard Oil","author":"ekipa Hempethica","date":"28\/09\/2023","format":false,"excerpt":"With the scent of orange, thyme and peppermint. Pleasantly softens and moisturizes the beard and mustache. All the ingredients of the beard oil are of natural and organic origin, so the oil is friendly to the skin, beard and mustache. Makes combing the beard easier. Handmade and filled in Slovenia.","rel":"","context":"Similar post","block_context":{"text":"Similar post","link":""},"img":{"alt_text":"Oil Mighty olje za brado. Brado, brke in ko\u017eo prijetno navla\u017ei in odi\u0161avi. Ko\u017ei prijazna naravna kozmetika Hempethica.","src":"https:\/\/i0.wp.com\/www.hempethica.com\/wp-content\/uploads\/2023\/11\/Olje-za-brado-Oil-Mighty-30-mL-SLO-BELA.webp?fit=1200%2C1200&ssl=1&resize=350%2C200","width":350,"height":200,"srcset":"https:\/\/i0.wp.com\/www.hempethica.com\/wp-content\/uploads\/2023\/11\/Olje-za-brado-Oil-Mighty-30-mL-SLO-BELA.webp?fit=1200%2C1200&ssl=1&resize=350%2C200 1x, https:\/\/i0.wp.com\/www.hempethica.com\/wp-content\/uploads\/2023\/11\/Olje-za-brado-Oil-Mighty-30-mL-SLO-BELA.webp?fit=1200%2C1200&ssl=1&resize=525%2C300 1.5x, https:\/\/i0.wp.com\/www.hempethica.com\/wp-content\/uploads\/2023\/11\/Olje-za-brado-Oil-Mighty-30-mL-SLO-BELA.webp?fit=1200%2C1200&ssl=1&resize=700%2C400 2x, https:\/\/i0.wp.com\/www.hempethica.com\/wp-content\/uploads\/2023\/11\/Olje-za-brado-Oil-Mighty-30-mL-SLO-BELA.webp?fit=1200%2C1200&ssl=1&resize=1050%2C600 3x"},"classes":[]},{"id":7980,"url":"https:\/\/www.hempethica.com\/en\/trgovina\/svetovanje-napredni-svetovalni-paket\/","url_meta":{"origin":10863,"position":2},"title":"Advanced consulting","author":"ekipa Hempethica","date":"31\/08\/2021","format":false,"excerpt":"V kolikor bi potrebovali pomo\u010d pri izbiri pravih izdelkov na podro\u010dju konoplje, kanabinoidov in terpenov, vam predlagamo izbiro\u00a0Naprednega svetovalnega paketa. Za vas poi\u0161\u010demo strokovno literaturo, kjer so podrobno raziskovali omenjena stanja. V kolikor vas zanima ve\u010d o svetovalnih paketih, si lahko preberete tukaj.","rel":"","context":"Similar post","block_context":{"text":"Similar post","link":""},"img":{"alt_text":"Svetovanje na podro\u010dju uporabe kanabinoidov","src":"https:\/\/i0.wp.com\/www.hempethica.com\/wp-content\/uploads\/2022\/01\/CBD-svetovanje-osnovno-Hempethica.jpg?fit=600%2C600&ssl=1&resize=350%2C200","width":350,"height":200,"srcset":"https:\/\/i0.wp.com\/www.hempethica.com\/wp-content\/uploads\/2022\/01\/CBD-svetovanje-osnovno-Hempethica.jpg?fit=600%2C600&ssl=1&resize=350%2C200 1x, https:\/\/i0.wp.com\/www.hempethica.com\/wp-content\/uploads\/2022\/01\/CBD-svetovanje-osnovno-Hempethica.jpg?fit=600%2C600&ssl=1&resize=525%2C300 1.5x"},"classes":[]},{"id":11274,"url":"https:\/\/www.hempethica.com\/en\/trgovina\/pomlajevalni-serum-za-obraz\/","url_meta":{"origin":10863,"position":3},"title":"Face serum, Anti-age","author":"ekipa Hempethica","date":"28\/09\/2023","format":false,"excerpt":"Naravni, pomlajevalni serum vsebuje dva tipa hialuronske kisline, nizko- in visoko-molekurarno. Serum zdru\u017euje mo\u010d narave in znanosti, s \u010dimer pripomore k mladostnemu in sijo\u010demu videzu ko\u017ee. Na ko\u017ei ustvarja ravnovesje in harmonijo. Ker vsebuje naravne in ko\u017ei prijazne sestavine, ga uvr\u0161\u010damo med naravno kozmetiko. Pomlajevalni serum vsebuje dva tipa hialuronske\u2026","rel":"","context":"Similar post","block_context":{"text":"Similar post","link":""},"img":{"alt_text":"Naravni, pomlajevalni serum za obraz s hialuronsko kislino. Ko\u017ei prijazna naravna kozmetika. Hempethica naravna kozmetika","src":"https:\/\/i0.wp.com\/www.hempethica.com\/wp-content\/uploads\/2023\/11\/Serum-za-obraz-30-mL-SLO-BELA.webp?fit=1200%2C1200&ssl=1&resize=350%2C200","width":350,"height":200,"srcset":"https:\/\/i0.wp.com\/www.hempethica.com\/wp-content\/uploads\/2023\/11\/Serum-za-obraz-30-mL-SLO-BELA.webp?fit=1200%2C1200&ssl=1&resize=350%2C200 1x, https:\/\/i0.wp.com\/www.hempethica.com\/wp-content\/uploads\/2023\/11\/Serum-za-obraz-30-mL-SLO-BELA.webp?fit=1200%2C1200&ssl=1&resize=525%2C300 1.5x, https:\/\/i0.wp.com\/www.hempethica.com\/wp-content\/uploads\/2023\/11\/Serum-za-obraz-30-mL-SLO-BELA.webp?fit=1200%2C1200&ssl=1&resize=700%2C400 2x, https:\/\/i0.wp.com\/www.hempethica.com\/wp-content\/uploads\/2023\/11\/Serum-za-obraz-30-mL-SLO-BELA.webp?fit=1200%2C1200&ssl=1&resize=1050%2C600 3x"},"classes":[]},{"id":7138,"url":"https:\/\/www.hempethica.com\/en\/trgovina\/opti-pain-kapljice-za-lajsanje-bolecin\/","url_meta":{"origin":10863,"position":4},"title":"OPTI PAIN \u2013 Hemp drops to relieve the feeling of pain","author":"ekipa Hempethica","date":"21\/04\/2021","format":false,"excerpt":"Kapljice so naravni prehranski dodatek, ki temelji na izvle\u010dkih konoplje. Konoplja je rastlina, ki je \u017ee stoletja znana po svojih \u0161tevilnih koristih za \u010dlove\u0161ko telo. Kanabinoidi in terpeni, ki jih kapljice vsebuejejo, poskrbijo za usmerjeno delovanje, s \u010dimer z u\u017eivanjem kapljic poskrbimo za laj\u0161anje ob\u010dutka bole\u010dine. V zadnjem \u010dasu se\u2026","rel":"","context":"Similar post","block_context":{"text":"Similar post","link":""},"img":{"alt_text":"Opti pain - Konopljine CBD kapljice za laj\u0161anje bole\u010din","src":"https:\/\/i0.wp.com\/www.hempethica.com\/wp-content\/uploads\/2023\/11\/OPTI-PAIN-embalaza-in-steklenicka-BELA.webp?fit=1200%2C1200&ssl=1&resize=350%2C200","width":350,"height":200,"srcset":"https:\/\/i0.wp.com\/www.hempethica.com\/wp-content\/uploads\/2023\/11\/OPTI-PAIN-embalaza-in-steklenicka-BELA.webp?fit=1200%2C1200&ssl=1&resize=350%2C200 1x, https:\/\/i0.wp.com\/www.hempethica.com\/wp-content\/uploads\/2023\/11\/OPTI-PAIN-embalaza-in-steklenicka-BELA.webp?fit=1200%2C1200&ssl=1&resize=525%2C300 1.5x, https:\/\/i0.wp.com\/www.hempethica.com\/wp-content\/uploads\/2023\/11\/OPTI-PAIN-embalaza-in-steklenicka-BELA.webp?fit=1200%2C1200&ssl=1&resize=700%2C400 2x, https:\/\/i0.wp.com\/www.hempethica.com\/wp-content\/uploads\/2023\/11\/OPTI-PAIN-embalaza-in-steklenicka-BELA.webp?fit=1200%2C1200&ssl=1&resize=1050%2C600 3x"},"classes":[]},{"id":7988,"url":"https:\/\/www.hempethica.com\/en\/trgovina\/periodicno-svetovanje\/","url_meta":{"origin":10863,"position":5},"title":"Periodic consulting","author":"ekipa Hempethica","date":"31\/08\/2021","format":false,"excerpt":"Svetovanje na podro\u010dju uporabe konoplje in konopljinih izdelkov. V kolikor vas zanima ve\u010d o svetovalnih paketih, si lahko preberete tukaj. \u00a0","rel":"","context":"Similar post","block_context":{"text":"Similar post","link":""},"img":{"alt_text":"Svetovanje na podro\u010dju uporabe konoplje in kanabinoidov","src":"https:\/\/i0.wp.com\/www.hempethica.com\/wp-content\/uploads\/2022\/01\/CBD-svetovanje-Hempethica.jpg?fit=600%2C600&ssl=1&resize=350%2C200","width":350,"height":200,"srcset":"https:\/\/i0.wp.com\/www.hempethica.com\/wp-content\/uploads\/2022\/01\/CBD-svetovanje-Hempethica.jpg?fit=600%2C600&ssl=1&resize=350%2C200 1x, https:\/\/i0.wp.com\/www.hempethica.com\/wp-content\/uploads\/2022\/01\/CBD-svetovanje-Hempethica.jpg?fit=600%2C600&ssl=1&resize=525%2C300 1.5x"},"classes":[]}],"jetpack_sharing_enabled":true,"_links":{"self":[{"href":"https:\/\/www.hempethica.com\/en\/wp-json\/wp\/v2\/product\/10863","targetHints":{"allow":["GET"]}}],"collection":[{"href":"https:\/\/www.hempethica.com\/en\/wp-json\/wp\/v2\/product"}],"about":[{"href":"https:\/\/www.hempethica.com\/en\/wp-json\/wp\/v2\/types\/product"}],"replies":[{"embeddable":true,"href":"https:\/\/www.hempethica.com\/en\/wp-json\/wp\/v2\/comments?post=10863"}],"version-history":[{"count":0,"href":"https:\/\/www.hempethica.com\/en\/wp-json\/wp\/v2\/product\/10863\/revisions"}],"wp:featuredmedia":[{"embeddable":true,"href":"https:\/\/www.hempethica.com\/en\/wp-json\/wp\/v2\/media\/10871"}],"wp:attachment":[{"href":"https:\/\/www.hempethica.com\/en\/wp-json\/wp\/v2\/media?parent=10863"}],"wp:term":[{"taxonomy":"product_brand","embeddable":true,"href":"https:\/\/www.hempethica.com\/en\/wp-json\/wp\/v2\/product_brand?post=10863"},{"taxonomy":"product_cat","embeddable":true,"href":"https:\/\/www.hempethica.com\/en\/wp-json\/wp\/v2\/product_cat?post=10863"},{"taxonomy":"product_tag","embeddable":true,"href":"https:\/\/www.hempethica.com\/en\/wp-json\/wp\/v2\/product_tag?post=10863"}],"curies":[{"name":"wp","href":"https:\/\/api.w.org\/{rel}","templated":true}]}}