{"id":10816,"date":"2022-06-01T13:39:39","date_gmt":"2022-06-01T11:39:39","guid":{"rendered":"https:\/\/www.hempethica.com\/?post_type=product&#038;p=10816"},"modified":"2026-04-28T10:59:54","modified_gmt":"2026-04-28T08:59:54","slug":"konoplja-v-medicini","status":"publish","type":"product","link":"https:\/\/www.hempethica.com\/en\/trgovina\/konoplja-v-medicini\/","title":{"rendered":"Cannabis in medicine - how cannabis helps us to better health and well-being"},"content":{"rendered":"<h1 class=\"wp-block-heading\">Cannabis in medicine - how cannabis helps us to better health and well-being<\/h1>\n\n\n\n<h2 class=\"wp-block-heading\">Author: Tanja Bagar, PhD<\/h2>\n\n\n\n<p>Published by ICANNA - International Institute for Cannabinoids<\/p>\n\n\n\n<p class=\"translation-block\">We present you the book <strong>Cannabis in Medicine - How Cannabis Helps You to Better Health and Well-Being, by Tanja Bagar, PhD.<\/strong> In the field of cannabis and cannabinoids, the book is very popular and desirable, as it brings us closer in a simple way and teaches us about a very important human system, the endocannabinoid system (ECS).<\/p>\n\n\n\n<p class=\"translation-block\">Author of the book, Tanja Bagar, PhD, is a lecturer at the Faculty of Alma Mater Europea, director of the International Institute for Cannabinoids, <a href=\"https:\/\/www.institut-icanna.com\/\" target=\"_blank\" rel=\"noreferrer noopener\"> ICANNA<\/a>, cooperates professionally and scientifically with the Austrian College of Health and Development. She is a member of the Academy of Sciences and Arts in Pomurje, the Slovenian Biochemical Society and the Society of Psychologists of Slovenia. She has extensive research experience in the laboratories of the National Institute of Chemistry, the Faculty of Biotechnology, the National Laboratory for Health, Environment and Nutrition, the Topol\u0161ica Hospital and the Institute of Microbiology and Genetics at the Georg-August University of Gottingen in Germany and at the Institute of Cell Biology, University of Edinburgh. She is also the recipient of the Acknowledgment of the Slovenian Microbiological Society for cooperation in the promotion of microbiology. She completed the intensive four-week e-learning program Concepts of Cannabis Science I, run by Kenevir Research (Oregon, USA), as well as the continuing program Concepts of Cannabis Science II.<\/p>\n\n\n\n<p>Tanja Bagar, PhD, was a winner of the award for gifted students during her studies, graduated in microbiology at the Biotechnical Faculty of the University of Ljubljana and received the Pre\u0161eren Award for her dissertation. She continued her postgraduate studies at the Faculty of Medicine in Ljubljana, where she received her PhD in biomedical sciences. As a young researcher, she received the Krka Award for special achievements in the field of research work, and a municipal gold plaque for a successful doctorate. She passed the professional exam at the Ministry of Health.<\/p>\n\n\n\n<h2 class=\"wp-block-heading\">Konoplja v medicini<\/h2>\n\n\n\n<figure class=\"wp-block-image size-large\"><img data-recalc-dims=\"1\" fetchpriority=\"high\" decoding=\"async\" width=\"642\" height=\"1024\" src=\"https:\/\/i0.wp.com\/www.hempethica.com\/wp-content\/uploads\/2022\/06\/Konoplja-v-medicini-kazalo.jpg?resize=642%2C1024&#038;ssl=1\" alt=\"\" class=\"wp-image-10855\" title=\"\" srcset=\"https:\/\/i0.wp.com\/www.hempethica.com\/wp-content\/uploads\/2022\/06\/Konoplja-v-medicini-kazalo.jpg?resize=642%2C1024&amp;ssl=1 642w, https:\/\/i0.wp.com\/www.hempethica.com\/wp-content\/uploads\/2022\/06\/Konoplja-v-medicini-kazalo.jpg?resize=600%2C958&amp;ssl=1 600w, https:\/\/i0.wp.com\/www.hempethica.com\/wp-content\/uploads\/2022\/06\/Konoplja-v-medicini-kazalo.jpg?resize=150%2C239&amp;ssl=1 150w, https:\/\/i0.wp.com\/www.hempethica.com\/wp-content\/uploads\/2022\/06\/Konoplja-v-medicini-kazalo.jpg?resize=188%2C300&amp;ssl=1 188w, https:\/\/i0.wp.com\/www.hempethica.com\/wp-content\/uploads\/2022\/06\/Konoplja-v-medicini-kazalo.jpg?resize=768%2C1226&amp;ssl=1 768w, https:\/\/i0.wp.com\/www.hempethica.com\/wp-content\/uploads\/2022\/06\/Konoplja-v-medicini-kazalo.jpg?resize=962%2C1536&amp;ssl=1 962w, https:\/\/i0.wp.com\/www.hempethica.com\/wp-content\/uploads\/2022\/06\/Konoplja-v-medicini-kazalo.jpg?resize=8%2C12&amp;ssl=1 8w, https:\/\/i0.wp.com\/www.hempethica.com\/wp-content\/uploads\/2022\/06\/Konoplja-v-medicini-kazalo.jpg?resize=990%2C1580&amp;ssl=1 990w, https:\/\/i0.wp.com\/www.hempethica.com\/wp-content\/uploads\/2022\/06\/Konoplja-v-medicini-kazalo.jpg?resize=441%2C704&amp;ssl=1 441w, https:\/\/i0.wp.com\/www.hempethica.com\/wp-content\/uploads\/2022\/06\/Konoplja-v-medicini-kazalo.jpg?resize=800%2C1277&amp;ssl=1 800w, https:\/\/i0.wp.com\/www.hempethica.com\/wp-content\/uploads\/2022\/06\/Konoplja-v-medicini-kazalo.jpg?w=1000&amp;ssl=1 1000w\" sizes=\"(max-width: 642px) 100vw, 642px\" \/><\/figure>\n\n\n\n<h2 class=\"wp-block-heading\">Endocannabinoid system<\/h2>\n\n\n\n<p class=\"translation-block\">The endocannabinoid system (ECS) is a biological system, a signaling mechanism, that is present in all vertebrates. It consists of endocannabinoids (anandamide or AEA and 2-arachidonoylglycerol or 2-AG), receptors (CB1, CB2, and GPR55 is thought to be the third) and enzymes. Receptors, which are an integral part of our cells, sense the amount or. the concentration of cannabinoids in cells. Our brains also detect changes in the concentration of cannabinoids in our body and consequently respond accordingly. The role of ECS in our bodies is very broad, as all cells on their surface contain receptors that sense the amount of cannabinoids present. You can read more about ECS in our <a href=\"https:\/\/www.hempethica.com\/en\/endokanabinoidni-sistem-in-povezava\/\" target=\"_blank\" rel=\"noreferrer noopener\"> blog<\/a>.<\/p>\n\n\n\n<h2 class=\"wp-block-heading\">Cannabis plant<\/h2>\n\n\n\n<p class=\"translation-block\">Hemp is a plant that comprises three subspecies, <strong> <em> Cannabis sativa, Cannabis indica and Cannabis ruderalis <\/em> <\/strong> and is the most useful plant that grows on planet Earth. Man discovered cannabis more than 5,000 years ago. The oldest cannabis product site dates back to 12,000 years ago and lies in the area of present-day China. It is a versatile plant that can be used entirely. Hemp fibers were already used in Mesopotamia and ancient Egypt and were added to clay bricks for reinforcement. Until the 20th century, hemp was widely used all over the world, and it is very popular in Slovenia, as well. More about Cannabis plant you can read in our <a href=\"https:\/\/www.hempethica.com\/en\/konoplja-na-splosno\/\" target=\"_blank\" rel=\"noreferrer noopener\">blog<\/a>.<\/p>\n\n\n\n<h2 class=\"wp-block-heading\">Cannabis and Oncology<\/h2>\n\n\n\n<p class=\"translation-block\">The use of cannabis and cannabinoids in the field of oncology has already been described in considerable detail in the professional literature. The number of published articles is growing exponentially from year to year. Cannabinoids are used as an adjunct to established drugs, especially in the treatment of advanced cancer. Cannabinoid support is used primarily in the area of more difficult-to-manage symptoms and when conventional drugs cause unacceptable side effects. It should be borne in mind that cannabinoids do not represent the first line of treatment for any symptom. Cannabinoids and other cannabis preparations are included as a supplement to classical medicine when standard drugs are not effective enough. You can read more in our <a href=\"https:\/\/www.hempethica.com\/en\/onkologija-in-konoplja-z-roko-v-roki\/\" target=\"_blank\" rel=\"noreferrer noopener\"> blog<\/a>.<\/p>","protected":false},"excerpt":{"rendered":"<p class=\"translation-block\">We present you the book <strong>Cannabis in Medicine - How Cannabis Helps You to Better Health and Well-Being, by Tanja Bagar, PhD.<\/strong> The book was published in Slovene, Croatian and German. It is issued in paperback version.<\/p>","protected":false},"featured_media":10820,"comment_status":"open","ping_status":"closed","template":"","meta":[],"product_brand":[],"product_cat":[114,15],"product_tag":[],"class_list":{"0":"post-10816","1":"product","2":"type-product","3":"status-publish","4":"has-post-thumbnail","6":"product_cat-ostali-izdelki","7":"product_cat-vsi-produkti","9":"first","10":"instock","11":"shipping-taxable","12":"purchasable","13":"product-type-simple"},"jetpack-related-posts":[{"id":11363,"url":"https:\/\/www.hempethica.com\/en\/trgovina\/enegry-kapljice-za-boljse-pocutje\/","url_meta":{"origin":10816,"position":0},"title":"ENERGY \u2013 Hemp drops for better well-being","author":"ekipa Hempethica","date":"06\/10\/2023","format":false,"excerpt":"Konoplja je rastlina, ki je \u017ee stoletja znana po svojih \u0161tevilnih koristih za \u010dlove\u0161ko telo. Usmerjeno delovanje poskrbi za bolj\u0161e po\u010dutje. Pomagajo krepiti imunski sistem. Kapljice vsebujejo ekstrakt konoplje, ki je pridelana brez pesticidov in herbicidov ter je ekolo\u0161ko certificirana. Kapljice so \u0161e posebej primerne za prehodna obdobja, ko telo\u2026","rel":"","context":"Similar post","block_context":{"text":"Similar post","link":""},"img":{"alt_text":"Energy- Konopljine CBD kapljice za bolj\u0161e po\u010dutje","src":"https:\/\/i0.wp.com\/www.hempethica.com\/wp-content\/uploads\/2023\/11\/ENERGY-embalaza-in-steklenicka-BELA.webp?fit=1200%2C1200&ssl=1&resize=350%2C200","width":350,"height":200,"srcset":"https:\/\/i0.wp.com\/www.hempethica.com\/wp-content\/uploads\/2023\/11\/ENERGY-embalaza-in-steklenicka-BELA.webp?fit=1200%2C1200&ssl=1&resize=350%2C200 1x, https:\/\/i0.wp.com\/www.hempethica.com\/wp-content\/uploads\/2023\/11\/ENERGY-embalaza-in-steklenicka-BELA.webp?fit=1200%2C1200&ssl=1&resize=525%2C300 1.5x, https:\/\/i0.wp.com\/www.hempethica.com\/wp-content\/uploads\/2023\/11\/ENERGY-embalaza-in-steklenicka-BELA.webp?fit=1200%2C1200&ssl=1&resize=700%2C400 2x, https:\/\/i0.wp.com\/www.hempethica.com\/wp-content\/uploads\/2023\/11\/ENERGY-embalaza-in-steklenicka-BELA.webp?fit=1200%2C1200&ssl=1&resize=1050%2C600 3x"},"classes":[]},{"id":8887,"url":"https:\/\/www.hempethica.com\/en\/trgovina\/konopljino-mazilo\/","url_meta":{"origin":10816,"position":1},"title":"Hemp Ointment","author":"ekipa Hempethica","date":"11\/10\/2021","format":false,"excerpt":"Vsebuje naravne sestavine ekolo\u0161kega izvora. Vsebuje skupno minimalno 1% kanabinoidov. Bogata s kanabinoidom CBD (kanabidiol) in CBG (kanabigerol). Vse sestavine so skrbno zbrane v formulacijo z izredno bogato strukturo, ki ko\u017eo prijetno navla\u017ei in omeh\u010da. Primerno je za vsakodnevno uporabo normalne in suhe ko\u017ee, vklju\u010dno z dehidrirano ko\u017eo. Mazilo pomaga\u2026","rel":"","context":"Similar post","block_context":{"text":"Similar post","link":""},"img":{"alt_text":"Konopljino mazilo ko\u017eo prijetno navla\u017ei in odi\u0161avi. Ko\u017ei prijazna naravna kozmetika Hempethica.","src":"https:\/\/i0.wp.com\/www.hempethica.com\/wp-content\/uploads\/2023\/11\/Konopljino-mazilo-50-mL-SLO-BELA.webp?fit=1200%2C1200&ssl=1&resize=350%2C200","width":350,"height":200,"srcset":"https:\/\/i0.wp.com\/www.hempethica.com\/wp-content\/uploads\/2023\/11\/Konopljino-mazilo-50-mL-SLO-BELA.webp?fit=1200%2C1200&ssl=1&resize=350%2C200 1x, https:\/\/i0.wp.com\/www.hempethica.com\/wp-content\/uploads\/2023\/11\/Konopljino-mazilo-50-mL-SLO-BELA.webp?fit=1200%2C1200&ssl=1&resize=525%2C300 1.5x, https:\/\/i0.wp.com\/www.hempethica.com\/wp-content\/uploads\/2023\/11\/Konopljino-mazilo-50-mL-SLO-BELA.webp?fit=1200%2C1200&ssl=1&resize=700%2C400 2x, https:\/\/i0.wp.com\/www.hempethica.com\/wp-content\/uploads\/2023\/11\/Konopljino-mazilo-50-mL-SLO-BELA.webp?fit=1200%2C1200&ssl=1&resize=1050%2C600 3x"},"classes":[]},{"id":7138,"url":"https:\/\/www.hempethica.com\/en\/trgovina\/opti-pain-kapljice-za-lajsanje-bolecin\/","url_meta":{"origin":10816,"position":2},"title":"OPTI PAIN \u2013 Hemp drops to relieve the feeling of pain","author":"ekipa Hempethica","date":"21\/04\/2021","format":false,"excerpt":"Kapljice so naravni prehranski dodatek, ki temelji na izvle\u010dkih konoplje. Konoplja je rastlina, ki je \u017ee stoletja znana po svojih \u0161tevilnih koristih za \u010dlove\u0161ko telo. Kanabinoidi in terpeni, ki jih kapljice vsebuejejo, poskrbijo za usmerjeno delovanje, s \u010dimer z u\u017eivanjem kapljic poskrbimo za laj\u0161anje ob\u010dutka bole\u010dine. V zadnjem \u010dasu se\u2026","rel":"","context":"Similar post","block_context":{"text":"Similar post","link":""},"img":{"alt_text":"Opti pain - Konopljine CBD kapljice za laj\u0161anje bole\u010din","src":"https:\/\/i0.wp.com\/www.hempethica.com\/wp-content\/uploads\/2023\/11\/OPTI-PAIN-embalaza-in-steklenicka-BELA.webp?fit=1200%2C1200&ssl=1&resize=350%2C200","width":350,"height":200,"srcset":"https:\/\/i0.wp.com\/www.hempethica.com\/wp-content\/uploads\/2023\/11\/OPTI-PAIN-embalaza-in-steklenicka-BELA.webp?fit=1200%2C1200&ssl=1&resize=350%2C200 1x, https:\/\/i0.wp.com\/www.hempethica.com\/wp-content\/uploads\/2023\/11\/OPTI-PAIN-embalaza-in-steklenicka-BELA.webp?fit=1200%2C1200&ssl=1&resize=525%2C300 1.5x, https:\/\/i0.wp.com\/www.hempethica.com\/wp-content\/uploads\/2023\/11\/OPTI-PAIN-embalaza-in-steklenicka-BELA.webp?fit=1200%2C1200&ssl=1&resize=700%2C400 2x, https:\/\/i0.wp.com\/www.hempethica.com\/wp-content\/uploads\/2023\/11\/OPTI-PAIN-embalaza-in-steklenicka-BELA.webp?fit=1200%2C1200&ssl=1&resize=1050%2C600 3x"},"classes":[]},{"id":10863,"url":"https:\/\/www.hempethica.com\/en\/trgovina\/majica-hempethica\/","url_meta":{"origin":10816,"position":3},"title":"T-Shirt Hempethica","author":"ekipa Hempethica","date":"02\/06\/2022","format":false,"excerpt":"Hempethica T-shirt, different sizes. Minimum size XS, maximum size XXXL.","rel":"","context":"Similar post","block_context":{"text":"Similar post","link":""},"img":{"alt_text":"Majica Hempethica","src":"https:\/\/i0.wp.com\/www.hempethica.com\/wp-content\/uploads\/2022\/06\/Majica-Hempethica.jpg?fit=742%2C824&ssl=1&resize=350%2C200","width":350,"height":200,"srcset":"https:\/\/i0.wp.com\/www.hempethica.com\/wp-content\/uploads\/2022\/06\/Majica-Hempethica.jpg?fit=742%2C824&ssl=1&resize=350%2C200 1x, https:\/\/i0.wp.com\/www.hempethica.com\/wp-content\/uploads\/2022\/06\/Majica-Hempethica.jpg?fit=742%2C824&ssl=1&resize=525%2C300 1.5x, https:\/\/i0.wp.com\/www.hempethica.com\/wp-content\/uploads\/2022\/06\/Majica-Hempethica.jpg?fit=742%2C824&ssl=1&resize=700%2C400 2x"},"classes":[]},{"id":10860,"url":"https:\/\/www.hempethica.com\/en\/trgovina\/opti-pain-konopljina-smola\/","url_meta":{"origin":10816,"position":4},"title":"CBD\/CBG OPTI PAIN hemp resin 30%","author":"ekipa Hempethica","date":"01\/06\/2022","format":false,"excerpt":"30% CBD\/CBG Opti Pain konopljina smola s svojim delovanjem laj\u0161a zaznavanje bole\u010dine. 100% naravni izvle\u010dek razli\u010dnih sort konoplje s \u0161irokom delovanjem. Vsebuje ve\u010d vrst in tipov kanabinoidov s prevladujo\u010dim CBD kanabinoidom. Poleg tega vsebuje tudi visoke vsebnosti CBDA in CBG kanabinoida. Vsebnost THC je znotraj zakonsko dovoljene meje <0,2%. Vsebuje\u2026","rel":"","context":"Similar post","block_context":{"text":"Similar post","link":""},"img":{"alt_text":"","src":"https:\/\/i0.wp.com\/www.hempethica.com\/wp-content\/uploads\/2023\/11\/OPTI-PAIN-smola-5-mL-30-embalaza-in-dozirnik.webp?fit=1200%2C1200&ssl=1&resize=350%2C200","width":350,"height":200,"srcset":"https:\/\/i0.wp.com\/www.hempethica.com\/wp-content\/uploads\/2023\/11\/OPTI-PAIN-smola-5-mL-30-embalaza-in-dozirnik.webp?fit=1200%2C1200&ssl=1&resize=350%2C200 1x, https:\/\/i0.wp.com\/www.hempethica.com\/wp-content\/uploads\/2023\/11\/OPTI-PAIN-smola-5-mL-30-embalaza-in-dozirnik.webp?fit=1200%2C1200&ssl=1&resize=525%2C300 1.5x, https:\/\/i0.wp.com\/www.hempethica.com\/wp-content\/uploads\/2023\/11\/OPTI-PAIN-smola-5-mL-30-embalaza-in-dozirnik.webp?fit=1200%2C1200&ssl=1&resize=700%2C400 2x, https:\/\/i0.wp.com\/www.hempethica.com\/wp-content\/uploads\/2023\/11\/OPTI-PAIN-smola-5-mL-30-embalaza-in-dozirnik.webp?fit=1200%2C1200&ssl=1&resize=1050%2C600 3x"},"classes":[]},{"id":7988,"url":"https:\/\/www.hempethica.com\/en\/trgovina\/periodicno-svetovanje\/","url_meta":{"origin":10816,"position":5},"title":"Periodic consulting","author":"ekipa Hempethica","date":"31\/08\/2021","format":false,"excerpt":"Svetovanje na podro\u010dju uporabe konoplje in konopljinih izdelkov. V kolikor vas zanima ve\u010d o svetovalnih paketih, si lahko preberete tukaj. \u00a0","rel":"","context":"Similar post","block_context":{"text":"Similar post","link":""},"img":{"alt_text":"Svetovanje na podro\u010dju uporabe konoplje in kanabinoidov","src":"https:\/\/i0.wp.com\/www.hempethica.com\/wp-content\/uploads\/2022\/01\/CBD-svetovanje-Hempethica.jpg?fit=600%2C600&ssl=1&resize=350%2C200","width":350,"height":200,"srcset":"https:\/\/i0.wp.com\/www.hempethica.com\/wp-content\/uploads\/2022\/01\/CBD-svetovanje-Hempethica.jpg?fit=600%2C600&ssl=1&resize=350%2C200 1x, https:\/\/i0.wp.com\/www.hempethica.com\/wp-content\/uploads\/2022\/01\/CBD-svetovanje-Hempethica.jpg?fit=600%2C600&ssl=1&resize=525%2C300 1.5x"},"classes":[]}],"jetpack_sharing_enabled":true,"_links":{"self":[{"href":"https:\/\/www.hempethica.com\/en\/wp-json\/wp\/v2\/product\/10816","targetHints":{"allow":["GET"]}}],"collection":[{"href":"https:\/\/www.hempethica.com\/en\/wp-json\/wp\/v2\/product"}],"about":[{"href":"https:\/\/www.hempethica.com\/en\/wp-json\/wp\/v2\/types\/product"}],"replies":[{"embeddable":true,"href":"https:\/\/www.hempethica.com\/en\/wp-json\/wp\/v2\/comments?post=10816"}],"version-history":[{"count":0,"href":"https:\/\/www.hempethica.com\/en\/wp-json\/wp\/v2\/product\/10816\/revisions"}],"wp:featuredmedia":[{"embeddable":true,"href":"https:\/\/www.hempethica.com\/en\/wp-json\/wp\/v2\/media\/10820"}],"wp:attachment":[{"href":"https:\/\/www.hempethica.com\/en\/wp-json\/wp\/v2\/media?parent=10816"}],"wp:term":[{"taxonomy":"product_brand","embeddable":true,"href":"https:\/\/www.hempethica.com\/en\/wp-json\/wp\/v2\/product_brand?post=10816"},{"taxonomy":"product_cat","embeddable":true,"href":"https:\/\/www.hempethica.com\/en\/wp-json\/wp\/v2\/product_cat?post=10816"},{"taxonomy":"product_tag","embeddable":true,"href":"https:\/\/www.hempethica.com\/en\/wp-json\/wp\/v2\/product_tag?post=10816"}],"curies":[{"name":"wp","href":"https:\/\/api.w.org\/{rel}","templated":true}]}}